{"id":8993,"date":"2025-11-24T19:24:04","date_gmt":"2025-11-24T17:24:04","guid":{"rendered":"https:\/\/vinsarstastu.lv\/?post_type=product&#038;p=8993"},"modified":"2025-11-24T19:32:14","modified_gmt":"2025-11-24T17:32:14","slug":"corkscrew-professional-wine-bottle-opener-kopija","status":"publish","type":"product","link":"https:\/\/vinsarstastu.lv\/en\/products\/corkscrew-professional-wine-bottle-opener-kopija\/","title":{"rendered":"Wine vacuum pump with 4 stoppers"},"content":{"rendered":"<ul class=\"a-unordered-list a-vertical a-spacing-mini\">\n<li class=\"a-spacing-mini\"><span class=\"a-list-item\"><span dir=\"auto\"><span dir=\"auto\">Safe material Our Wine Bottle Stopper Vacuum is made of high-quality plastic with 4 reusable rubber stoppers that are environmentally friendly, non-toxic and durable. It can easily meet your daily use and replacement needs. <\/span><\/span><\/span><\/li>\n<li class=\"a-spacing-mini\"><span class=\"a-list-item\"><span dir=\"auto\"><span dir=\"auto\">VERY HERMETICALLY WEIGHTED The vacuum of the Wine Pump is made of advanced silicone that efficiently removes air from the bottle to achieve a better seal, slow down oxidation and keep the wine fresher for longer.<\/span><\/span><\/span><\/li>\n<li class=\"a-spacing-mini\"><span class=\"a-list-item\"><span dir=\"auto\"><span dir=\"auto\">Easy to use: first insert the wine cork into the bottle, then place the wine pump on the cork, then inflate the bottle until you feel a strong air resistance, indicating that the bottle is tightly sealed, and finally remove the pump.<\/span><\/span><\/span><\/li>\n<li class=\"a-spacing-mini\"><span class=\"a-list-item\"><span dir=\"auto\"><span dir=\"auto\">Wine Preserver: this wine vacuum pump fits most standard wine bottles and keeps your wine fresh for up to 7 days after opening. With our wine vacuum pump you can preserve the flavours and aromas of your wine and enjoy the best aromas at any time. <\/span><\/span><\/span><\/li>\n<li class=\"a-spacing-mini\"><span class=\"a-list-item\"><span dir=\"auto\"><span dir=\"auto\">The perfect gift This wine preserving vacuum pump set can be used for a variety of occasions, is ideal for parties, wine tastings, family reunions and other events, and makes a great gift for all wine lovers.<\/span><\/span><\/span><\/li>\n<li>Colour Black<\/li>\n<li>Material Plastic<\/li>\n<li>Shape Cylindrical<\/li>\n<li>Not dishwasher safe<\/li>\n<\/ul>\n","protected":false},"excerpt":{"rendered":"<p>Wine vacuum pump Wine pump with 4 stoppers Reusable wine bottle stopper Vacuum black wine saver for storing wine and keeping it fresh.<\/p>\n","protected":false},"featured_media":8997,"comment_status":"closed","ping_status":"closed","template":"","meta":[],"product_brand":[228],"product_cat":[158],"product_tag":[],"class_list":{"0":"post-8993","1":"product","2":"type-product","3":"status-publish","4":"has-post-thumbnail","6":"product_brand-china","7":"product_cat-accessories","9":"first","10":"instock","11":"taxable","12":"shipping-taxable","13":"purchasable","14":"product-type-simple"},"yoast_head":"<!-- This site is optimized with the Yoast SEO plugin v26.6 - https:\/\/yoast.com\/wordpress\/plugins\/seo\/ -->\n<title>Wine vacuum pump with 4 stoppers | V\u012bns ar St\u0101stu<\/title>\n<meta name=\"description\" content=\"Wine vacuum pump with 4 stoppers - Rad\u012bts ar aizraujo\u0161u st\u0101stu par izcelsmi un gar\u0161u. Pieejams degust\u0101cij\u0101s R\u012bg\u0101 vai veikal\u0101.\" \/>\n<meta name=\"robots\" content=\"index, follow, max-snippet:-1, max-image-preview:large, max-video-preview:-1\" \/>\n<link rel=\"canonical\" href=\"https:\/\/vinsarstastu.lv\/en\/products\/corkscrew-professional-wine-bottle-opener-kopija\/\" \/>\n<meta property=\"og:locale\" content=\"en_US\" \/>\n<meta property=\"og:type\" content=\"article\" \/>\n<meta property=\"og:title\" content=\"Wine vacuum pump with 4 stoppers | V\u012bns ar St\u0101stu\" \/>\n<meta property=\"og:description\" content=\"Wine vacuum pump with 4 stoppers - Rad\u012bts ar aizraujo\u0161u st\u0101stu par izcelsmi un gar\u0161u. Pieejams degust\u0101cij\u0101s R\u012bg\u0101 vai veikal\u0101.\" \/>\n<meta property=\"og:url\" content=\"https:\/\/vinsarstastu.lv\/en\/products\/corkscrew-professional-wine-bottle-opener-kopija\/\" \/>\n<meta property=\"og:site_name\" content=\"V\u012bns ar st\u0101stu\" \/>\n<meta property=\"article:modified_time\" content=\"2025-11-24T17:32:14+00:00\" \/>\n<meta property=\"og:image\" content=\"https:\/\/vinsarstastu.lv\/wp-content\/uploads\/2025\/11\/Pumpis_1_41sebSHueL._AC_US100_web.webp\" \/>\n\t<meta property=\"og:image:width\" content=\"100\" \/>\n\t<meta property=\"og:image:height\" content=\"100\" \/>\n\t<meta property=\"og:image:type\" content=\"image\/webp\" \/>\n<meta name=\"twitter:card\" content=\"summary_large_image\" \/>\n<meta name=\"twitter:label1\" content=\"Est. reading time\" \/>\n\t<meta name=\"twitter:data1\" content=\"1 minute\" \/>\n<script type=\"application\/ld+json\" class=\"yoast-schema-graph\">{\"@context\":\"https:\/\/schema.org\",\"@graph\":[{\"@type\":[\"WebPage\",\"ItemPage\"],\"@id\":\"https:\/\/vinsarstastu.lv\/en\/products\/corkscrew-professional-wine-bottle-opener-kopija\/\",\"url\":\"https:\/\/vinsarstastu.lv\/en\/products\/corkscrew-professional-wine-bottle-opener-kopija\/\",\"name\":\"Wine vacuum pump with 4 stoppers | V\u012bns ar St\u0101stu\",\"isPartOf\":{\"@id\":\"https:\/\/vinsarstastu.lv\/en\/#website\"},\"primaryImageOfPage\":{\"@id\":\"https:\/\/vinsarstastu.lv\/en\/products\/corkscrew-professional-wine-bottle-opener-kopija\/#primaryimage\"},\"image\":{\"@id\":\"https:\/\/vinsarstastu.lv\/en\/products\/corkscrew-professional-wine-bottle-opener-kopija\/#primaryimage\"},\"thumbnailUrl\":\"https:\/\/vinsarstastu.lv\/wp-content\/uploads\/2025\/11\/Pumpis_1_41sebSHueL._AC_US100_web.webp\",\"datePublished\":\"2025-11-24T17:24:04+00:00\",\"dateModified\":\"2025-11-24T17:32:14+00:00\",\"description\":\"Wine vacuum pump with 4 stoppers - Rad\u012bts ar aizraujo\u0161u st\u0101stu par izcelsmi un gar\u0161u. Pieejams degust\u0101cij\u0101s R\u012bg\u0101 vai veikal\u0101.\",\"breadcrumb\":{\"@id\":\"https:\/\/vinsarstastu.lv\/en\/products\/corkscrew-professional-wine-bottle-opener-kopija\/#breadcrumb\"},\"inLanguage\":\"en-US\",\"potentialAction\":[{\"@type\":\"ReadAction\",\"target\":[\"https:\/\/vinsarstastu.lv\/en\/products\/corkscrew-professional-wine-bottle-opener-kopija\/\"]}]},{\"@type\":\"ImageObject\",\"inLanguage\":\"en-US\",\"@id\":\"https:\/\/vinsarstastu.lv\/en\/products\/corkscrew-professional-wine-bottle-opener-kopija\/#primaryimage\",\"url\":\"https:\/\/vinsarstastu.lv\/wp-content\/uploads\/2025\/11\/Pumpis_1_41sebSHueL._AC_US100_web.webp\",\"contentUrl\":\"https:\/\/vinsarstastu.lv\/wp-content\/uploads\/2025\/11\/Pumpis_1_41sebSHueL._AC_US100_web.webp\",\"width\":100,\"height\":100},{\"@type\":\"BreadcrumbList\",\"@id\":\"https:\/\/vinsarstastu.lv\/en\/products\/corkscrew-professional-wine-bottle-opener-kopija\/#breadcrumb\",\"itemListElement\":[{\"@type\":\"ListItem\",\"position\":1,\"name\":\"Home\",\"item\":\"https:\/\/vinsarstastu.lv\/en\/home\/\"},{\"@type\":\"ListItem\",\"position\":2,\"name\":\"Shop\",\"item\":\"https:\/\/vinsarstastu.lv\/veikals\/\"},{\"@type\":\"ListItem\",\"position\":3,\"name\":\"Wine vacuum pump with 4 stoppers\"}]},{\"@type\":\"WebSite\",\"@id\":\"https:\/\/vinsarstastu.lv\/en\/#website\",\"url\":\"https:\/\/vinsarstastu.lv\/en\/\",\"name\":\"V\u012bns ar st\u0101stu\",\"description\":\"\",\"publisher\":{\"@id\":\"https:\/\/vinsarstastu.lv\/en\/#organization\"},\"alternateName\":\"Wine with a Story\",\"potentialAction\":[{\"@type\":\"SearchAction\",\"target\":{\"@type\":\"EntryPoint\",\"urlTemplate\":\"https:\/\/vinsarstastu.lv\/en\/?s={search_term_string}\"},\"query-input\":{\"@type\":\"PropertyValueSpecification\",\"valueRequired\":true,\"valueName\":\"search_term_string\"}}],\"inLanguage\":\"en-US\"},{\"@type\":\"Organization\",\"@id\":\"https:\/\/vinsarstastu.lv\/en\/#organization\",\"name\":\"SIA ARVO\",\"url\":\"https:\/\/vinsarstastu.lv\/en\/\",\"logo\":{\"@type\":\"ImageObject\",\"inLanguage\":\"en-US\",\"@id\":\"https:\/\/vinsarstastu.lv\/en\/#\/schema\/logo\/image\/\",\"url\":\"https:\/\/vinsarstastu.lv\/wp-content\/uploads\/2025\/08\/arvo-logo-grey.webp\",\"contentUrl\":\"https:\/\/vinsarstastu.lv\/wp-content\/uploads\/2025\/08\/arvo-logo-grey.webp\",\"width\":350,\"height\":281,\"caption\":\"SIA ARVO\"},\"image\":{\"@id\":\"https:\/\/vinsarstastu.lv\/en\/#\/schema\/logo\/image\/\"}}]}<\/script>\n<!-- \/ Yoast SEO plugin. -->","yoast_head_json":{"title":"Wine vacuum pump with 4 stoppers | V\u012bns ar St\u0101stu","description":"Wine vacuum pump with 4 stoppers - Rad\u012bts ar aizraujo\u0161u st\u0101stu par izcelsmi un gar\u0161u. Pieejams degust\u0101cij\u0101s R\u012bg\u0101 vai veikal\u0101.","robots":{"index":"index","follow":"follow","max-snippet":"max-snippet:-1","max-image-preview":"max-image-preview:large","max-video-preview":"max-video-preview:-1"},"canonical":"https:\/\/vinsarstastu.lv\/en\/products\/corkscrew-professional-wine-bottle-opener-kopija\/","og_locale":"en_US","og_type":"article","og_title":"Wine vacuum pump with 4 stoppers | V\u012bns ar St\u0101stu","og_description":"Wine vacuum pump with 4 stoppers - Rad\u012bts ar aizraujo\u0161u st\u0101stu par izcelsmi un gar\u0161u. Pieejams degust\u0101cij\u0101s R\u012bg\u0101 vai veikal\u0101.","og_url":"https:\/\/vinsarstastu.lv\/en\/products\/corkscrew-professional-wine-bottle-opener-kopija\/","og_site_name":"V\u012bns ar st\u0101stu","article_modified_time":"2025-11-24T17:32:14+00:00","og_image":[{"width":100,"height":100,"url":"https:\/\/vinsarstastu.lv\/wp-content\/uploads\/2025\/11\/Pumpis_1_41sebSHueL._AC_US100_web.webp","type":"image\/webp"}],"twitter_card":"summary_large_image","twitter_misc":{"Est. reading time":"1 minute"},"schema":{"@context":"https:\/\/schema.org","@graph":[{"@type":["WebPage","ItemPage"],"@id":"https:\/\/vinsarstastu.lv\/en\/products\/corkscrew-professional-wine-bottle-opener-kopija\/","url":"https:\/\/vinsarstastu.lv\/en\/products\/corkscrew-professional-wine-bottle-opener-kopija\/","name":"Wine vacuum pump with 4 stoppers | V\u012bns ar St\u0101stu","isPartOf":{"@id":"https:\/\/vinsarstastu.lv\/en\/#website"},"primaryImageOfPage":{"@id":"https:\/\/vinsarstastu.lv\/en\/products\/corkscrew-professional-wine-bottle-opener-kopija\/#primaryimage"},"image":{"@id":"https:\/\/vinsarstastu.lv\/en\/products\/corkscrew-professional-wine-bottle-opener-kopija\/#primaryimage"},"thumbnailUrl":"https:\/\/vinsarstastu.lv\/wp-content\/uploads\/2025\/11\/Pumpis_1_41sebSHueL._AC_US100_web.webp","datePublished":"2025-11-24T17:24:04+00:00","dateModified":"2025-11-24T17:32:14+00:00","description":"Wine vacuum pump with 4 stoppers - Rad\u012bts ar aizraujo\u0161u st\u0101stu par izcelsmi un gar\u0161u. Pieejams degust\u0101cij\u0101s R\u012bg\u0101 vai veikal\u0101.","breadcrumb":{"@id":"https:\/\/vinsarstastu.lv\/en\/products\/corkscrew-professional-wine-bottle-opener-kopija\/#breadcrumb"},"inLanguage":"en-US","potentialAction":[{"@type":"ReadAction","target":["https:\/\/vinsarstastu.lv\/en\/products\/corkscrew-professional-wine-bottle-opener-kopija\/"]}]},{"@type":"ImageObject","inLanguage":"en-US","@id":"https:\/\/vinsarstastu.lv\/en\/products\/corkscrew-professional-wine-bottle-opener-kopija\/#primaryimage","url":"https:\/\/vinsarstastu.lv\/wp-content\/uploads\/2025\/11\/Pumpis_1_41sebSHueL._AC_US100_web.webp","contentUrl":"https:\/\/vinsarstastu.lv\/wp-content\/uploads\/2025\/11\/Pumpis_1_41sebSHueL._AC_US100_web.webp","width":100,"height":100},{"@type":"BreadcrumbList","@id":"https:\/\/vinsarstastu.lv\/en\/products\/corkscrew-professional-wine-bottle-opener-kopija\/#breadcrumb","itemListElement":[{"@type":"ListItem","position":1,"name":"Home","item":"https:\/\/vinsarstastu.lv\/en\/home\/"},{"@type":"ListItem","position":2,"name":"Shop","item":"https:\/\/vinsarstastu.lv\/veikals\/"},{"@type":"ListItem","position":3,"name":"Wine vacuum pump with 4 stoppers"}]},{"@type":"WebSite","@id":"https:\/\/vinsarstastu.lv\/en\/#website","url":"https:\/\/vinsarstastu.lv\/en\/","name":"V\u012bns ar st\u0101stu","description":"","publisher":{"@id":"https:\/\/vinsarstastu.lv\/en\/#organization"},"alternateName":"Wine with a Story","potentialAction":[{"@type":"SearchAction","target":{"@type":"EntryPoint","urlTemplate":"https:\/\/vinsarstastu.lv\/en\/?s={search_term_string}"},"query-input":{"@type":"PropertyValueSpecification","valueRequired":true,"valueName":"search_term_string"}}],"inLanguage":"en-US"},{"@type":"Organization","@id":"https:\/\/vinsarstastu.lv\/en\/#organization","name":"SIA ARVO","url":"https:\/\/vinsarstastu.lv\/en\/","logo":{"@type":"ImageObject","inLanguage":"en-US","@id":"https:\/\/vinsarstastu.lv\/en\/#\/schema\/logo\/image\/","url":"https:\/\/vinsarstastu.lv\/wp-content\/uploads\/2025\/08\/arvo-logo-grey.webp","contentUrl":"https:\/\/vinsarstastu.lv\/wp-content\/uploads\/2025\/08\/arvo-logo-grey.webp","width":350,"height":281,"caption":"SIA ARVO"},"image":{"@id":"https:\/\/vinsarstastu.lv\/en\/#\/schema\/logo\/image\/"}}]}},"_links":{"self":[{"href":"https:\/\/vinsarstastu.lv\/en\/wp-json\/wp\/v2\/product\/8993","targetHints":{"allow":["GET"]}}],"collection":[{"href":"https:\/\/vinsarstastu.lv\/en\/wp-json\/wp\/v2\/product"}],"about":[{"href":"https:\/\/vinsarstastu.lv\/en\/wp-json\/wp\/v2\/types\/product"}],"replies":[{"embeddable":true,"href":"https:\/\/vinsarstastu.lv\/en\/wp-json\/wp\/v2\/comments?post=8993"}],"wp:featuredmedia":[{"embeddable":true,"href":"https:\/\/vinsarstastu.lv\/en\/wp-json\/wp\/v2\/media\/8997"}],"wp:attachment":[{"href":"https:\/\/vinsarstastu.lv\/en\/wp-json\/wp\/v2\/media?parent=8993"}],"wp:term":[{"taxonomy":"product_brand","embeddable":true,"href":"https:\/\/vinsarstastu.lv\/en\/wp-json\/wp\/v2\/product_brand?post=8993"},{"taxonomy":"product_cat","embeddable":true,"href":"https:\/\/vinsarstastu.lv\/en\/wp-json\/wp\/v2\/product_cat?post=8993"},{"taxonomy":"product_tag","embeddable":true,"href":"https:\/\/vinsarstastu.lv\/en\/wp-json\/wp\/v2\/product_tag?post=8993"}],"curies":[{"name":"wp","href":"https:\/\/api.w.org\/{rel}","templated":true}]}}