{"id":8986,"date":"2025-11-24T19:15:34","date_gmt":"2025-11-24T17:15:34","guid":{"rendered":"https:\/\/vinsarstastu.lv\/?post_type=product&#038;p=8986"},"modified":"2025-12-22T14:35:19","modified_gmt":"2025-12-22T12:35:19","slug":"wine-cooler-kopija","status":"publish","type":"product","link":"https:\/\/vinsarstastu.lv\/en\/products\/wine-cooler-kopija\/","title":{"rendered":"Corkscrew, professional wine bottle opener"},"content":{"rendered":"<ul class=\"a-unordered-list a-vertical a-spacing-mini\">\n<li class=\"a-spacing-mini\"><span class=\"a-list-item\"><span dir=\"auto\">Excellent quality The multifunctional wine and beer bottle opener is made of high-quality materials, including BPA-free stainless steel grade 424. The double lever handle design allows the cork to be efficiently closed in just two simple steps, while the spiral helps prevent damage to the cork during insertion. The integrated foil cutter ensures clean and quick removal of the sealing film.   <\/span><\/span><\/li>\n<li class=\"a-spacing-mini\"><span class=\"a-list-item\"><span dir=\"auto\">DURABLE Made of durable stainless steel, this straightener is even suitable for commercial use. The thick, well-fitted and rigid screw can withstand one bottle after another for years. It easily copes with old, natural, fine or synthetic corks. Designed for waiters, sommeliers, bartenders and wine connoisseurs, it has already been praised by many full-time bartenders.   <\/span><\/span><\/li>\n<li class=\"a-spacing-mini\"><span class=\"a-list-item\"><span dir=\"auto\">ELEGANT DESIGN This corkscrew is designed to meet the demands of even the most demanding sommeliers. It combines elegance in design, ergonomics and soft functionality with ease of use, making opening the bottle a pleasure. <\/span><\/span><\/li>\n<li class=\"a-spacing-mini\"><span class=\"a-list-item\"><span dir=\"auto\">GREAT FOR Catering Companies With its exclusive aesthetics and professional performance, this everyday refill makes a difference in the quality of service and is ideal for catering companies. Experienced sommeliers know that the wine experience starts with an optimal and professional corking. <\/span><\/span><\/li>\n<\/ul>\n","protected":false},"excerpt":{"rendered":"<p>Corkscrew, professional wine bottle opener, waiter&#8217;s corkscrew or sommelier&#8217;s foil scraper, cap remover, bottle opener for waiter, bartender and home use<\/p>\n","protected":false},"featured_media":8988,"comment_status":"closed","ping_status":"closed","template":"","meta":[],"product_brand":[228],"product_cat":[158],"product_tag":[],"class_list":{"0":"post-8986","1":"product","2":"type-product","3":"status-publish","4":"has-post-thumbnail","6":"product_brand-china","7":"product_cat-accessories","9":"first","10":"instock","11":"taxable","12":"shipping-taxable","13":"purchasable","14":"product-type-simple"},"yoast_head":"<!-- This site is optimized with the Yoast SEO plugin v26.6 - https:\/\/yoast.com\/wordpress\/plugins\/seo\/ -->\n<title>Corkscrew, professional wine bottle opener | V\u012bns ar St\u0101stu<\/title>\n<meta name=\"description\" content=\"Corkscrew, professional wine bottle opener - Rad\u012bts ar aizraujo\u0161u st\u0101stu par izcelsmi un gar\u0161u. Pieejams degust\u0101cij\u0101s R\u012bg\u0101 vai veikal\u0101.\" \/>\n<meta name=\"robots\" content=\"index, follow, max-snippet:-1, max-image-preview:large, max-video-preview:-1\" \/>\n<link rel=\"canonical\" href=\"https:\/\/vinsarstastu.lv\/en\/products\/wine-cooler-kopija\/\" \/>\n<meta property=\"og:locale\" content=\"en_US\" \/>\n<meta property=\"og:type\" content=\"article\" \/>\n<meta property=\"og:title\" content=\"Corkscrew, professional wine bottle opener | V\u012bns ar St\u0101stu\" \/>\n<meta property=\"og:description\" content=\"Corkscrew, professional wine bottle opener - Rad\u012bts ar aizraujo\u0161u st\u0101stu par izcelsmi un gar\u0161u. Pieejams degust\u0101cij\u0101s R\u012bg\u0101 vai veikal\u0101.\" \/>\n<meta property=\"og:url\" content=\"https:\/\/vinsarstastu.lv\/en\/products\/wine-cooler-kopija\/\" \/>\n<meta property=\"og:site_name\" content=\"V\u012bns ar st\u0101stu\" \/>\n<meta property=\"article:modified_time\" content=\"2025-12-22T12:35:19+00:00\" \/>\n<meta property=\"og:image\" content=\"https:\/\/vinsarstastu.lv\/wp-content\/uploads\/2025\/11\/Korkuvilkis_1_41k8xcb1wWL._AC_US100_web.webp\" \/>\n\t<meta property=\"og:image:width\" content=\"100\" \/>\n\t<meta property=\"og:image:height\" content=\"100\" \/>\n\t<meta property=\"og:image:type\" content=\"image\/webp\" \/>\n<meta name=\"twitter:card\" content=\"summary_large_image\" \/>\n<meta name=\"twitter:label1\" content=\"Est. reading time\" \/>\n\t<meta name=\"twitter:data1\" content=\"1 minute\" \/>\n<script type=\"application\/ld+json\" class=\"yoast-schema-graph\">{\"@context\":\"https:\/\/schema.org\",\"@graph\":[{\"@type\":[\"WebPage\",\"ItemPage\"],\"@id\":\"https:\/\/vinsarstastu.lv\/en\/products\/wine-cooler-kopija\/\",\"url\":\"https:\/\/vinsarstastu.lv\/en\/products\/wine-cooler-kopija\/\",\"name\":\"Corkscrew, professional wine bottle opener | V\u012bns ar St\u0101stu\",\"isPartOf\":{\"@id\":\"https:\/\/vinsarstastu.lv\/en\/#website\"},\"primaryImageOfPage\":{\"@id\":\"https:\/\/vinsarstastu.lv\/en\/products\/wine-cooler-kopija\/#primaryimage\"},\"image\":{\"@id\":\"https:\/\/vinsarstastu.lv\/en\/products\/wine-cooler-kopija\/#primaryimage\"},\"thumbnailUrl\":\"https:\/\/vinsarstastu.lv\/wp-content\/uploads\/2025\/11\/Korkuvilkis_1_41k8xcb1wWL._AC_US100_web.webp\",\"datePublished\":\"2025-11-24T17:15:34+00:00\",\"dateModified\":\"2025-12-22T12:35:19+00:00\",\"description\":\"Corkscrew, professional wine bottle opener - Rad\u012bts ar aizraujo\u0161u st\u0101stu par izcelsmi un gar\u0161u. Pieejams degust\u0101cij\u0101s R\u012bg\u0101 vai veikal\u0101.\",\"breadcrumb\":{\"@id\":\"https:\/\/vinsarstastu.lv\/en\/products\/wine-cooler-kopija\/#breadcrumb\"},\"inLanguage\":\"en-US\",\"potentialAction\":[{\"@type\":\"ReadAction\",\"target\":[\"https:\/\/vinsarstastu.lv\/en\/products\/wine-cooler-kopija\/\"]}]},{\"@type\":\"ImageObject\",\"inLanguage\":\"en-US\",\"@id\":\"https:\/\/vinsarstastu.lv\/en\/products\/wine-cooler-kopija\/#primaryimage\",\"url\":\"https:\/\/vinsarstastu.lv\/wp-content\/uploads\/2025\/11\/Korkuvilkis_1_41k8xcb1wWL._AC_US100_web.webp\",\"contentUrl\":\"https:\/\/vinsarstastu.lv\/wp-content\/uploads\/2025\/11\/Korkuvilkis_1_41k8xcb1wWL._AC_US100_web.webp\",\"width\":100,\"height\":100},{\"@type\":\"BreadcrumbList\",\"@id\":\"https:\/\/vinsarstastu.lv\/en\/products\/wine-cooler-kopija\/#breadcrumb\",\"itemListElement\":[{\"@type\":\"ListItem\",\"position\":1,\"name\":\"Home\",\"item\":\"https:\/\/vinsarstastu.lv\/en\/home\/\"},{\"@type\":\"ListItem\",\"position\":2,\"name\":\"Shop\",\"item\":\"https:\/\/vinsarstastu.lv\/veikals\/\"},{\"@type\":\"ListItem\",\"position\":3,\"name\":\"Corkscrew, professional wine bottle opener\"}]},{\"@type\":\"WebSite\",\"@id\":\"https:\/\/vinsarstastu.lv\/en\/#website\",\"url\":\"https:\/\/vinsarstastu.lv\/en\/\",\"name\":\"V\u012bns ar st\u0101stu\",\"description\":\"\",\"publisher\":{\"@id\":\"https:\/\/vinsarstastu.lv\/en\/#organization\"},\"alternateName\":\"Wine with a Story\",\"potentialAction\":[{\"@type\":\"SearchAction\",\"target\":{\"@type\":\"EntryPoint\",\"urlTemplate\":\"https:\/\/vinsarstastu.lv\/en\/?s={search_term_string}\"},\"query-input\":{\"@type\":\"PropertyValueSpecification\",\"valueRequired\":true,\"valueName\":\"search_term_string\"}}],\"inLanguage\":\"en-US\"},{\"@type\":\"Organization\",\"@id\":\"https:\/\/vinsarstastu.lv\/en\/#organization\",\"name\":\"SIA ARVO\",\"url\":\"https:\/\/vinsarstastu.lv\/en\/\",\"logo\":{\"@type\":\"ImageObject\",\"inLanguage\":\"en-US\",\"@id\":\"https:\/\/vinsarstastu.lv\/en\/#\/schema\/logo\/image\/\",\"url\":\"https:\/\/vinsarstastu.lv\/wp-content\/uploads\/2025\/08\/arvo-logo-grey.webp\",\"contentUrl\":\"https:\/\/vinsarstastu.lv\/wp-content\/uploads\/2025\/08\/arvo-logo-grey.webp\",\"width\":350,\"height\":281,\"caption\":\"SIA ARVO\"},\"image\":{\"@id\":\"https:\/\/vinsarstastu.lv\/en\/#\/schema\/logo\/image\/\"}}]}<\/script>\n<!-- \/ Yoast SEO plugin. -->","yoast_head_json":{"title":"Corkscrew, professional wine bottle opener | V\u012bns ar St\u0101stu","description":"Corkscrew, professional wine bottle opener - Rad\u012bts ar aizraujo\u0161u st\u0101stu par izcelsmi un gar\u0161u. Pieejams degust\u0101cij\u0101s R\u012bg\u0101 vai veikal\u0101.","robots":{"index":"index","follow":"follow","max-snippet":"max-snippet:-1","max-image-preview":"max-image-preview:large","max-video-preview":"max-video-preview:-1"},"canonical":"https:\/\/vinsarstastu.lv\/en\/products\/wine-cooler-kopija\/","og_locale":"en_US","og_type":"article","og_title":"Corkscrew, professional wine bottle opener | V\u012bns ar St\u0101stu","og_description":"Corkscrew, professional wine bottle opener - Rad\u012bts ar aizraujo\u0161u st\u0101stu par izcelsmi un gar\u0161u. Pieejams degust\u0101cij\u0101s R\u012bg\u0101 vai veikal\u0101.","og_url":"https:\/\/vinsarstastu.lv\/en\/products\/wine-cooler-kopija\/","og_site_name":"V\u012bns ar st\u0101stu","article_modified_time":"2025-12-22T12:35:19+00:00","og_image":[{"width":100,"height":100,"url":"https:\/\/vinsarstastu.lv\/wp-content\/uploads\/2025\/11\/Korkuvilkis_1_41k8xcb1wWL._AC_US100_web.webp","type":"image\/webp"}],"twitter_card":"summary_large_image","twitter_misc":{"Est. reading time":"1 minute"},"schema":{"@context":"https:\/\/schema.org","@graph":[{"@type":["WebPage","ItemPage"],"@id":"https:\/\/vinsarstastu.lv\/en\/products\/wine-cooler-kopija\/","url":"https:\/\/vinsarstastu.lv\/en\/products\/wine-cooler-kopija\/","name":"Corkscrew, professional wine bottle opener | V\u012bns ar St\u0101stu","isPartOf":{"@id":"https:\/\/vinsarstastu.lv\/en\/#website"},"primaryImageOfPage":{"@id":"https:\/\/vinsarstastu.lv\/en\/products\/wine-cooler-kopija\/#primaryimage"},"image":{"@id":"https:\/\/vinsarstastu.lv\/en\/products\/wine-cooler-kopija\/#primaryimage"},"thumbnailUrl":"https:\/\/vinsarstastu.lv\/wp-content\/uploads\/2025\/11\/Korkuvilkis_1_41k8xcb1wWL._AC_US100_web.webp","datePublished":"2025-11-24T17:15:34+00:00","dateModified":"2025-12-22T12:35:19+00:00","description":"Corkscrew, professional wine bottle opener - Rad\u012bts ar aizraujo\u0161u st\u0101stu par izcelsmi un gar\u0161u. Pieejams degust\u0101cij\u0101s R\u012bg\u0101 vai veikal\u0101.","breadcrumb":{"@id":"https:\/\/vinsarstastu.lv\/en\/products\/wine-cooler-kopija\/#breadcrumb"},"inLanguage":"en-US","potentialAction":[{"@type":"ReadAction","target":["https:\/\/vinsarstastu.lv\/en\/products\/wine-cooler-kopija\/"]}]},{"@type":"ImageObject","inLanguage":"en-US","@id":"https:\/\/vinsarstastu.lv\/en\/products\/wine-cooler-kopija\/#primaryimage","url":"https:\/\/vinsarstastu.lv\/wp-content\/uploads\/2025\/11\/Korkuvilkis_1_41k8xcb1wWL._AC_US100_web.webp","contentUrl":"https:\/\/vinsarstastu.lv\/wp-content\/uploads\/2025\/11\/Korkuvilkis_1_41k8xcb1wWL._AC_US100_web.webp","width":100,"height":100},{"@type":"BreadcrumbList","@id":"https:\/\/vinsarstastu.lv\/en\/products\/wine-cooler-kopija\/#breadcrumb","itemListElement":[{"@type":"ListItem","position":1,"name":"Home","item":"https:\/\/vinsarstastu.lv\/en\/home\/"},{"@type":"ListItem","position":2,"name":"Shop","item":"https:\/\/vinsarstastu.lv\/veikals\/"},{"@type":"ListItem","position":3,"name":"Corkscrew, professional wine bottle opener"}]},{"@type":"WebSite","@id":"https:\/\/vinsarstastu.lv\/en\/#website","url":"https:\/\/vinsarstastu.lv\/en\/","name":"V\u012bns ar st\u0101stu","description":"","publisher":{"@id":"https:\/\/vinsarstastu.lv\/en\/#organization"},"alternateName":"Wine with a Story","potentialAction":[{"@type":"SearchAction","target":{"@type":"EntryPoint","urlTemplate":"https:\/\/vinsarstastu.lv\/en\/?s={search_term_string}"},"query-input":{"@type":"PropertyValueSpecification","valueRequired":true,"valueName":"search_term_string"}}],"inLanguage":"en-US"},{"@type":"Organization","@id":"https:\/\/vinsarstastu.lv\/en\/#organization","name":"SIA ARVO","url":"https:\/\/vinsarstastu.lv\/en\/","logo":{"@type":"ImageObject","inLanguage":"en-US","@id":"https:\/\/vinsarstastu.lv\/en\/#\/schema\/logo\/image\/","url":"https:\/\/vinsarstastu.lv\/wp-content\/uploads\/2025\/08\/arvo-logo-grey.webp","contentUrl":"https:\/\/vinsarstastu.lv\/wp-content\/uploads\/2025\/08\/arvo-logo-grey.webp","width":350,"height":281,"caption":"SIA ARVO"},"image":{"@id":"https:\/\/vinsarstastu.lv\/en\/#\/schema\/logo\/image\/"}}]}},"_links":{"self":[{"href":"https:\/\/vinsarstastu.lv\/en\/wp-json\/wp\/v2\/product\/8986","targetHints":{"allow":["GET"]}}],"collection":[{"href":"https:\/\/vinsarstastu.lv\/en\/wp-json\/wp\/v2\/product"}],"about":[{"href":"https:\/\/vinsarstastu.lv\/en\/wp-json\/wp\/v2\/types\/product"}],"replies":[{"embeddable":true,"href":"https:\/\/vinsarstastu.lv\/en\/wp-json\/wp\/v2\/comments?post=8986"}],"wp:featuredmedia":[{"embeddable":true,"href":"https:\/\/vinsarstastu.lv\/en\/wp-json\/wp\/v2\/media\/8988"}],"wp:attachment":[{"href":"https:\/\/vinsarstastu.lv\/en\/wp-json\/wp\/v2\/media?parent=8986"}],"wp:term":[{"taxonomy":"product_brand","embeddable":true,"href":"https:\/\/vinsarstastu.lv\/en\/wp-json\/wp\/v2\/product_brand?post=8986"},{"taxonomy":"product_cat","embeddable":true,"href":"https:\/\/vinsarstastu.lv\/en\/wp-json\/wp\/v2\/product_cat?post=8986"},{"taxonomy":"product_tag","embeddable":true,"href":"https:\/\/vinsarstastu.lv\/en\/wp-json\/wp\/v2\/product_tag?post=8986"}],"curies":[{"name":"wp","href":"https:\/\/api.w.org\/{rel}","templated":true}]}}