{"id":7531,"date":"2025-09-11T14:50:54","date_gmt":"2025-09-11T11:50:54","guid":{"rendered":"https:\/\/vinsarstastu.lv\/products\/escherndorfer-lump-scheurebe\/"},"modified":"2025-12-19T11:27:38","modified_gmt":"2025-12-19T09:27:38","slug":"escherndorfer-lump-scheurebe","status":"publish","type":"product","link":"https:\/\/vinsarstastu.lv\/en\/products\/escherndorfer-lump-scheurebe\/","title":{"rendered":"Escherndorfer Lump Scheurebe"},"content":{"rendered":"<p>Another fine example from the Escherndorfer Lump vineyard. The steep slope, its position and the proximity of the Main River directly below the vineyards, creates a unique microclimate. There Scheurebe grapes fully ripen and develop intense flavour. The bouquet reveals distinctive fruit notes, such as blackcurrant, lychee, and grapefruit. On the palate, Scheurebe is vibrantly fruity, with tropical fruit nuances and a recurring blackcurrant hints. Its sweetness and acidity combo creates a well-balanced finish.     <\/p>\n<p>Vintage: 2023<br \/>\nVariety: Scheurebe<br \/>\nSingle vineyard: Escherndorfer Lump<br \/>\nServing temperature: 8\u201310 \u00b0C<br \/>\nResidual sugar: 9.7 g\/l<br \/>\nAcidity: 6.2 g\/l<br \/>\nAlcohol: 11.5% vol.<br \/>\n0.75 l<br \/>\nContains sulfites<\/p>\n","protected":false},"excerpt":{"rendered":"<p>Another fine example from the Escherndorfer Lump vineyard. The steep slope, its position and the proximity of the Main River directly below the vineyards, creates a unique microclimate. There Scheurebe grapes fully ripen and develop intense flavour. The bouquet reveals distinctive fruit notes, such as blackcurrant, lychee, and grapefruit. On the palate, Scheurebe is vibrantly fruity, with tropical fruit nuances and a recurring blackcurrant hints. Its sweetness and acidity combo creates a well-balanced finish.     <\/p>\n","protected":false},"featured_media":7532,"comment_status":"open","ping_status":"closed","template":"","meta":[],"product_brand":[187],"product_cat":[172,174],"product_tag":[],"class_list":{"0":"post-7531","1":"product","2":"type-product","3":"status-publish","4":"has-post-thumbnail","6":"product_brand-weingut-hohn","7":"product_cat-wines","8":"product_cat-white-wine","10":"first","11":"instock","12":"taxable","13":"shipping-taxable","14":"purchasable","15":"product-type-simple"},"yoast_head":"<!-- This site is optimized with the Yoast SEO plugin v26.6 - https:\/\/yoast.com\/wordpress\/plugins\/seo\/ -->\n<title>Escherndorfer Lump Scheurebe | V\u012bns ar St\u0101stu<\/title>\n<meta name=\"description\" content=\"Escherndorfer Lump Scheurebe - Rad\u012bts ar aizraujo\u0161u st\u0101stu par izcelsmi un gar\u0161u. Pieejams degust\u0101cij\u0101s R\u012bg\u0101 vai veikal\u0101.\" \/>\n<meta name=\"robots\" content=\"index, follow, max-snippet:-1, max-image-preview:large, max-video-preview:-1\" \/>\n<link rel=\"canonical\" href=\"https:\/\/vinsarstastu.lv\/en\/products\/escherndorfer-lump-scheurebe\/\" \/>\n<meta property=\"og:locale\" content=\"en_US\" \/>\n<meta property=\"og:type\" content=\"article\" \/>\n<meta property=\"og:title\" content=\"Escherndorfer Lump Scheurebe | V\u012bns ar St\u0101stu\" \/>\n<meta property=\"og:description\" content=\"Escherndorfer Lump Scheurebe - Rad\u012bts ar aizraujo\u0161u st\u0101stu par izcelsmi un gar\u0161u. Pieejams degust\u0101cij\u0101s R\u012bg\u0101 vai veikal\u0101.\" \/>\n<meta property=\"og:url\" content=\"https:\/\/vinsarstastu.lv\/en\/products\/escherndorfer-lump-scheurebe\/\" \/>\n<meta property=\"og:site_name\" content=\"V\u012bns ar st\u0101stu\" \/>\n<meta property=\"article:modified_time\" content=\"2025-12-19T09:27:38+00:00\" \/>\n<meta property=\"og:image\" content=\"https:\/\/vinsarstastu.lv\/wp-content\/uploads\/2025\/09\/2023-EscherndorferLump-Scheurebe-002-23-1-1.webp\" \/>\n\t<meta property=\"og:image:width\" content=\"600\" \/>\n\t<meta property=\"og:image:height\" content=\"600\" \/>\n\t<meta property=\"og:image:type\" content=\"image\/webp\" \/>\n<meta name=\"twitter:card\" content=\"summary_large_image\" \/>\n<script type=\"application\/ld+json\" class=\"yoast-schema-graph\">{\"@context\":\"https:\/\/schema.org\",\"@graph\":[{\"@type\":[\"WebPage\",\"ItemPage\"],\"@id\":\"https:\/\/vinsarstastu.lv\/en\/products\/escherndorfer-lump-scheurebe\/\",\"url\":\"https:\/\/vinsarstastu.lv\/en\/products\/escherndorfer-lump-scheurebe\/\",\"name\":\"Escherndorfer Lump Scheurebe | V\u012bns ar St\u0101stu\",\"isPartOf\":{\"@id\":\"https:\/\/vinsarstastu.lv\/en\/#website\"},\"primaryImageOfPage\":{\"@id\":\"https:\/\/vinsarstastu.lv\/en\/products\/escherndorfer-lump-scheurebe\/#primaryimage\"},\"image\":{\"@id\":\"https:\/\/vinsarstastu.lv\/en\/products\/escherndorfer-lump-scheurebe\/#primaryimage\"},\"thumbnailUrl\":\"https:\/\/vinsarstastu.lv\/wp-content\/uploads\/2025\/09\/2023-EscherndorferLump-Scheurebe-002-23-1-1.webp\",\"datePublished\":\"2025-09-11T11:50:54+00:00\",\"dateModified\":\"2025-12-19T09:27:38+00:00\",\"description\":\"Escherndorfer Lump Scheurebe - Rad\u012bts ar aizraujo\u0161u st\u0101stu par izcelsmi un gar\u0161u. Pieejams degust\u0101cij\u0101s R\u012bg\u0101 vai veikal\u0101.\",\"breadcrumb\":{\"@id\":\"https:\/\/vinsarstastu.lv\/en\/products\/escherndorfer-lump-scheurebe\/#breadcrumb\"},\"inLanguage\":\"en-US\",\"potentialAction\":[{\"@type\":\"ReadAction\",\"target\":[\"https:\/\/vinsarstastu.lv\/en\/products\/escherndorfer-lump-scheurebe\/\"]}]},{\"@type\":\"ImageObject\",\"inLanguage\":\"en-US\",\"@id\":\"https:\/\/vinsarstastu.lv\/en\/products\/escherndorfer-lump-scheurebe\/#primaryimage\",\"url\":\"https:\/\/vinsarstastu.lv\/wp-content\/uploads\/2025\/09\/2023-EscherndorferLump-Scheurebe-002-23-1-1.webp\",\"contentUrl\":\"https:\/\/vinsarstastu.lv\/wp-content\/uploads\/2025\/09\/2023-EscherndorferLump-Scheurebe-002-23-1-1.webp\",\"width\":600,\"height\":600},{\"@type\":\"BreadcrumbList\",\"@id\":\"https:\/\/vinsarstastu.lv\/en\/products\/escherndorfer-lump-scheurebe\/#breadcrumb\",\"itemListElement\":[{\"@type\":\"ListItem\",\"position\":1,\"name\":\"Home\",\"item\":\"https:\/\/vinsarstastu.lv\/en\/home\/\"},{\"@type\":\"ListItem\",\"position\":2,\"name\":\"Shop\",\"item\":\"https:\/\/vinsarstastu.lv\/veikals\/\"},{\"@type\":\"ListItem\",\"position\":3,\"name\":\"Escherndorfer Lump Scheurebe\"}]},{\"@type\":\"WebSite\",\"@id\":\"https:\/\/vinsarstastu.lv\/en\/#website\",\"url\":\"https:\/\/vinsarstastu.lv\/en\/\",\"name\":\"V\u012bns ar st\u0101stu\",\"description\":\"\",\"publisher\":{\"@id\":\"https:\/\/vinsarstastu.lv\/en\/#organization\"},\"alternateName\":\"Wine with a Story\",\"potentialAction\":[{\"@type\":\"SearchAction\",\"target\":{\"@type\":\"EntryPoint\",\"urlTemplate\":\"https:\/\/vinsarstastu.lv\/en\/?s={search_term_string}\"},\"query-input\":{\"@type\":\"PropertyValueSpecification\",\"valueRequired\":true,\"valueName\":\"search_term_string\"}}],\"inLanguage\":\"en-US\"},{\"@type\":\"Organization\",\"@id\":\"https:\/\/vinsarstastu.lv\/en\/#organization\",\"name\":\"SIA ARVO\",\"url\":\"https:\/\/vinsarstastu.lv\/en\/\",\"logo\":{\"@type\":\"ImageObject\",\"inLanguage\":\"en-US\",\"@id\":\"https:\/\/vinsarstastu.lv\/en\/#\/schema\/logo\/image\/\",\"url\":\"https:\/\/vinsarstastu.lv\/wp-content\/uploads\/2025\/08\/arvo-logo-grey.webp\",\"contentUrl\":\"https:\/\/vinsarstastu.lv\/wp-content\/uploads\/2025\/08\/arvo-logo-grey.webp\",\"width\":350,\"height\":281,\"caption\":\"SIA ARVO\"},\"image\":{\"@id\":\"https:\/\/vinsarstastu.lv\/en\/#\/schema\/logo\/image\/\"}}]}<\/script>\n<!-- \/ Yoast SEO plugin. -->","yoast_head_json":{"title":"Escherndorfer Lump Scheurebe | V\u012bns ar St\u0101stu","description":"Escherndorfer Lump Scheurebe - Rad\u012bts ar aizraujo\u0161u st\u0101stu par izcelsmi un gar\u0161u. Pieejams degust\u0101cij\u0101s R\u012bg\u0101 vai veikal\u0101.","robots":{"index":"index","follow":"follow","max-snippet":"max-snippet:-1","max-image-preview":"max-image-preview:large","max-video-preview":"max-video-preview:-1"},"canonical":"https:\/\/vinsarstastu.lv\/en\/products\/escherndorfer-lump-scheurebe\/","og_locale":"en_US","og_type":"article","og_title":"Escherndorfer Lump Scheurebe | V\u012bns ar St\u0101stu","og_description":"Escherndorfer Lump Scheurebe - Rad\u012bts ar aizraujo\u0161u st\u0101stu par izcelsmi un gar\u0161u. Pieejams degust\u0101cij\u0101s R\u012bg\u0101 vai veikal\u0101.","og_url":"https:\/\/vinsarstastu.lv\/en\/products\/escherndorfer-lump-scheurebe\/","og_site_name":"V\u012bns ar st\u0101stu","article_modified_time":"2025-12-19T09:27:38+00:00","og_image":[{"width":600,"height":600,"url":"https:\/\/vinsarstastu.lv\/wp-content\/uploads\/2025\/09\/2023-EscherndorferLump-Scheurebe-002-23-1-1.webp","type":"image\/webp"}],"twitter_card":"summary_large_image","schema":{"@context":"https:\/\/schema.org","@graph":[{"@type":["WebPage","ItemPage"],"@id":"https:\/\/vinsarstastu.lv\/en\/products\/escherndorfer-lump-scheurebe\/","url":"https:\/\/vinsarstastu.lv\/en\/products\/escherndorfer-lump-scheurebe\/","name":"Escherndorfer Lump Scheurebe | V\u012bns ar St\u0101stu","isPartOf":{"@id":"https:\/\/vinsarstastu.lv\/en\/#website"},"primaryImageOfPage":{"@id":"https:\/\/vinsarstastu.lv\/en\/products\/escherndorfer-lump-scheurebe\/#primaryimage"},"image":{"@id":"https:\/\/vinsarstastu.lv\/en\/products\/escherndorfer-lump-scheurebe\/#primaryimage"},"thumbnailUrl":"https:\/\/vinsarstastu.lv\/wp-content\/uploads\/2025\/09\/2023-EscherndorferLump-Scheurebe-002-23-1-1.webp","datePublished":"2025-09-11T11:50:54+00:00","dateModified":"2025-12-19T09:27:38+00:00","description":"Escherndorfer Lump Scheurebe - Rad\u012bts ar aizraujo\u0161u st\u0101stu par izcelsmi un gar\u0161u. Pieejams degust\u0101cij\u0101s R\u012bg\u0101 vai veikal\u0101.","breadcrumb":{"@id":"https:\/\/vinsarstastu.lv\/en\/products\/escherndorfer-lump-scheurebe\/#breadcrumb"},"inLanguage":"en-US","potentialAction":[{"@type":"ReadAction","target":["https:\/\/vinsarstastu.lv\/en\/products\/escherndorfer-lump-scheurebe\/"]}]},{"@type":"ImageObject","inLanguage":"en-US","@id":"https:\/\/vinsarstastu.lv\/en\/products\/escherndorfer-lump-scheurebe\/#primaryimage","url":"https:\/\/vinsarstastu.lv\/wp-content\/uploads\/2025\/09\/2023-EscherndorferLump-Scheurebe-002-23-1-1.webp","contentUrl":"https:\/\/vinsarstastu.lv\/wp-content\/uploads\/2025\/09\/2023-EscherndorferLump-Scheurebe-002-23-1-1.webp","width":600,"height":600},{"@type":"BreadcrumbList","@id":"https:\/\/vinsarstastu.lv\/en\/products\/escherndorfer-lump-scheurebe\/#breadcrumb","itemListElement":[{"@type":"ListItem","position":1,"name":"Home","item":"https:\/\/vinsarstastu.lv\/en\/home\/"},{"@type":"ListItem","position":2,"name":"Shop","item":"https:\/\/vinsarstastu.lv\/veikals\/"},{"@type":"ListItem","position":3,"name":"Escherndorfer Lump Scheurebe"}]},{"@type":"WebSite","@id":"https:\/\/vinsarstastu.lv\/en\/#website","url":"https:\/\/vinsarstastu.lv\/en\/","name":"V\u012bns ar st\u0101stu","description":"","publisher":{"@id":"https:\/\/vinsarstastu.lv\/en\/#organization"},"alternateName":"Wine with a Story","potentialAction":[{"@type":"SearchAction","target":{"@type":"EntryPoint","urlTemplate":"https:\/\/vinsarstastu.lv\/en\/?s={search_term_string}"},"query-input":{"@type":"PropertyValueSpecification","valueRequired":true,"valueName":"search_term_string"}}],"inLanguage":"en-US"},{"@type":"Organization","@id":"https:\/\/vinsarstastu.lv\/en\/#organization","name":"SIA ARVO","url":"https:\/\/vinsarstastu.lv\/en\/","logo":{"@type":"ImageObject","inLanguage":"en-US","@id":"https:\/\/vinsarstastu.lv\/en\/#\/schema\/logo\/image\/","url":"https:\/\/vinsarstastu.lv\/wp-content\/uploads\/2025\/08\/arvo-logo-grey.webp","contentUrl":"https:\/\/vinsarstastu.lv\/wp-content\/uploads\/2025\/08\/arvo-logo-grey.webp","width":350,"height":281,"caption":"SIA ARVO"},"image":{"@id":"https:\/\/vinsarstastu.lv\/en\/#\/schema\/logo\/image\/"}}]}},"_links":{"self":[{"href":"https:\/\/vinsarstastu.lv\/en\/wp-json\/wp\/v2\/product\/7531","targetHints":{"allow":["GET"]}}],"collection":[{"href":"https:\/\/vinsarstastu.lv\/en\/wp-json\/wp\/v2\/product"}],"about":[{"href":"https:\/\/vinsarstastu.lv\/en\/wp-json\/wp\/v2\/types\/product"}],"replies":[{"embeddable":true,"href":"https:\/\/vinsarstastu.lv\/en\/wp-json\/wp\/v2\/comments?post=7531"}],"wp:featuredmedia":[{"embeddable":true,"href":"https:\/\/vinsarstastu.lv\/en\/wp-json\/wp\/v2\/media\/7532"}],"wp:attachment":[{"href":"https:\/\/vinsarstastu.lv\/en\/wp-json\/wp\/v2\/media?parent=7531"}],"wp:term":[{"taxonomy":"product_brand","embeddable":true,"href":"https:\/\/vinsarstastu.lv\/en\/wp-json\/wp\/v2\/product_brand?post=7531"},{"taxonomy":"product_cat","embeddable":true,"href":"https:\/\/vinsarstastu.lv\/en\/wp-json\/wp\/v2\/product_cat?post=7531"},{"taxonomy":"product_tag","embeddable":true,"href":"https:\/\/vinsarstastu.lv\/en\/wp-json\/wp\/v2\/product_tag?post=7531"}],"curies":[{"name":"wp","href":"https:\/\/api.w.org\/{rel}","templated":true}]}}