{"id":7527,"date":"2025-09-11T22:33:58","date_gmt":"2025-09-11T19:33:58","guid":{"rendered":"https:\/\/vinsarstastu.lv\/products\/escherndorfer-furstenberg-2019\/"},"modified":"2025-12-16T16:28:46","modified_gmt":"2025-12-16T14:28:46","slug":"escherndorfer-furstenberg-2019","status":"publish","type":"product","link":"https:\/\/vinsarstastu.lv\/en\/products\/escherndorfer-furstenberg-2019\/","title":{"rendered":"Escherndorfer F\u00fcrstenberg Riesling Sekt brut"},"content":{"rendered":"<p>This sparkling wine was created using m\u00e9thode champenoise, which is the traditional method of second fermentation in the bottle, the most demanding and sophisticated way of making sparkling wines.<br \/>\nDuring its maturation in the bottle, the wine develops fine and elegant perlage creating a velvety sensation on the tongue.<br \/>\nThe Riesling grape reveals its full character here: fresh, vibrant acidity balanced by lasting intensity of fruits which seduces with hints of green apple, citrus and peach. Long time of the lees gives the wine soft, rich notes of lees and a special depth of flavour.<\/p>\n<p> <br \/>\nA sparkling wine full of elegance and character, perfect both as an aperitif and as a companion to light dishes.<\/p>\n<p>Awards:<br \/>\n2 grapes Gault &amp; Millau 2024<br \/>\n86 points Eichelmann 2024<\/p>\n<p>Drinking temperature: 8-10\u00b0C<\/p>\n<p>Alcohol content: 12.5% vol.<br \/>\n0.75 L<br \/>\nContains sulfites<\/p>\n","protected":false},"excerpt":{"rendered":"<p>A sparkling wine full of elegance and character, perfect as an aperitif and with light dishes.<br \/>\nThis sparkling wine was created using m\u00e9thode champenoise, which is the traditional method of second fermentation in the bottle, the most demanding and sophisticated way of making sparkling wines.<br \/>During its maturation in the bottle, the wine develops fine and elegant perlage creating a velvety sensation on the tongue. <\/p>\n","protected":false},"featured_media":9165,"comment_status":"open","ping_status":"closed","template":"","meta":[],"product_brand":[187],"product_cat":[172,189],"product_tag":[237],"class_list":{"0":"post-7527","1":"product","2":"type-product","3":"status-publish","4":"has-post-thumbnail","6":"product_brand-weingut-hohn","7":"product_cat-wines","8":"product_cat-sparkling-wine","9":"product_tag-appendix-1","11":"first","12":"instock","13":"taxable","14":"shipping-taxable","15":"purchasable","16":"product-type-simple"},"yoast_head":"<!-- This site is optimized with the Yoast SEO plugin v26.6 - https:\/\/yoast.com\/wordpress\/plugins\/seo\/ -->\n<title>Escherndorfer F\u00fcrstenberg Riesling Sekt brut | Wine with a Story<\/title>\n<meta name=\"description\" content=\"Escherndorfer F\u00fcrstenberg Riesling Sekt brut - Rad\u012bts ar aizraujo\u0161u st\u0101stu par izcelsmi un gar\u0161u. Pieejams degust\u0101cij\u0101s R\u012bg\u0101 vai veikal\u0101.\" \/>\n<meta name=\"robots\" content=\"index, follow, max-snippet:-1, max-image-preview:large, max-video-preview:-1\" \/>\n<link rel=\"canonical\" href=\"https:\/\/vinsarstastu.lv\/en\/products\/escherndorfer-furstenberg-2019\/\" \/>\n<meta property=\"og:locale\" content=\"en_US\" \/>\n<meta property=\"og:type\" content=\"article\" \/>\n<meta property=\"og:title\" content=\"Escherndorfer F\u00fcrstenberg Riesling Sekt brut | Wine with a Story\" \/>\n<meta property=\"og:description\" content=\"Escherndorfer F\u00fcrstenberg Riesling Sekt brut - Rad\u012bts ar aizraujo\u0161u st\u0101stu par izcelsmi un gar\u0161u. Pieejams degust\u0101cij\u0101s R\u012bg\u0101 vai veikal\u0101.\" \/>\n<meta property=\"og:url\" content=\"https:\/\/vinsarstastu.lv\/en\/products\/escherndorfer-furstenberg-2019\/\" \/>\n<meta property=\"og:site_name\" content=\"V\u012bns ar st\u0101stu\" \/>\n<meta property=\"article:modified_time\" content=\"2025-12-16T14:28:46+00:00\" \/>\n<meta property=\"og:image\" content=\"https:\/\/vinsarstastu.lv\/wp-content\/uploads\/2025\/10\/011_19_.webp\" \/>\n\t<meta property=\"og:image:width\" content=\"600\" \/>\n\t<meta property=\"og:image:height\" content=\"600\" \/>\n\t<meta property=\"og:image:type\" content=\"image\/webp\" \/>\n<meta name=\"twitter:card\" content=\"summary_large_image\" \/>\n<meta name=\"twitter:label1\" content=\"Est. reading time\" \/>\n\t<meta name=\"twitter:data1\" content=\"1 minute\" \/>\n<script type=\"application\/ld+json\" class=\"yoast-schema-graph\">{\"@context\":\"https:\/\/schema.org\",\"@graph\":[{\"@type\":[\"WebPage\",\"ItemPage\"],\"@id\":\"https:\/\/vinsarstastu.lv\/en\/products\/escherndorfer-furstenberg-2019\/\",\"url\":\"https:\/\/vinsarstastu.lv\/en\/products\/escherndorfer-furstenberg-2019\/\",\"name\":\"Escherndorfer F\u00fcrstenberg Riesling Sekt brut | Wine with a Story\",\"isPartOf\":{\"@id\":\"https:\/\/vinsarstastu.lv\/en\/#website\"},\"primaryImageOfPage\":{\"@id\":\"https:\/\/vinsarstastu.lv\/en\/products\/escherndorfer-furstenberg-2019\/#primaryimage\"},\"image\":{\"@id\":\"https:\/\/vinsarstastu.lv\/en\/products\/escherndorfer-furstenberg-2019\/#primaryimage\"},\"thumbnailUrl\":\"https:\/\/vinsarstastu.lv\/wp-content\/uploads\/2025\/10\/011_19_.webp\",\"datePublished\":\"2025-09-11T19:33:58+00:00\",\"dateModified\":\"2025-12-16T14:28:46+00:00\",\"description\":\"Escherndorfer F\u00fcrstenberg Riesling Sekt brut - Rad\u012bts ar aizraujo\u0161u st\u0101stu par izcelsmi un gar\u0161u. Pieejams degust\u0101cij\u0101s R\u012bg\u0101 vai veikal\u0101.\",\"breadcrumb\":{\"@id\":\"https:\/\/vinsarstastu.lv\/en\/products\/escherndorfer-furstenberg-2019\/#breadcrumb\"},\"inLanguage\":\"en-US\",\"potentialAction\":[{\"@type\":\"ReadAction\",\"target\":[\"https:\/\/vinsarstastu.lv\/en\/products\/escherndorfer-furstenberg-2019\/\"]}]},{\"@type\":\"ImageObject\",\"inLanguage\":\"en-US\",\"@id\":\"https:\/\/vinsarstastu.lv\/en\/products\/escherndorfer-furstenberg-2019\/#primaryimage\",\"url\":\"https:\/\/vinsarstastu.lv\/wp-content\/uploads\/2025\/10\/011_19_.webp\",\"contentUrl\":\"https:\/\/vinsarstastu.lv\/wp-content\/uploads\/2025\/10\/011_19_.webp\",\"width\":600,\"height\":600},{\"@type\":\"BreadcrumbList\",\"@id\":\"https:\/\/vinsarstastu.lv\/en\/products\/escherndorfer-furstenberg-2019\/#breadcrumb\",\"itemListElement\":[{\"@type\":\"ListItem\",\"position\":1,\"name\":\"Home\",\"item\":\"https:\/\/vinsarstastu.lv\/en\/home\/\"},{\"@type\":\"ListItem\",\"position\":2,\"name\":\"Shop\",\"item\":\"https:\/\/vinsarstastu.lv\/veikals\/\"},{\"@type\":\"ListItem\",\"position\":3,\"name\":\"Escherndorfer F\u00fcrstenberg Riesling Sekt brut\"}]},{\"@type\":\"WebSite\",\"@id\":\"https:\/\/vinsarstastu.lv\/en\/#website\",\"url\":\"https:\/\/vinsarstastu.lv\/en\/\",\"name\":\"V\u012bns ar st\u0101stu\",\"description\":\"\",\"publisher\":{\"@id\":\"https:\/\/vinsarstastu.lv\/en\/#organization\"},\"alternateName\":\"Wine with a Story\",\"potentialAction\":[{\"@type\":\"SearchAction\",\"target\":{\"@type\":\"EntryPoint\",\"urlTemplate\":\"https:\/\/vinsarstastu.lv\/en\/?s={search_term_string}\"},\"query-input\":{\"@type\":\"PropertyValueSpecification\",\"valueRequired\":true,\"valueName\":\"search_term_string\"}}],\"inLanguage\":\"en-US\"},{\"@type\":\"Organization\",\"@id\":\"https:\/\/vinsarstastu.lv\/en\/#organization\",\"name\":\"SIA ARVO\",\"url\":\"https:\/\/vinsarstastu.lv\/en\/\",\"logo\":{\"@type\":\"ImageObject\",\"inLanguage\":\"en-US\",\"@id\":\"https:\/\/vinsarstastu.lv\/en\/#\/schema\/logo\/image\/\",\"url\":\"https:\/\/vinsarstastu.lv\/wp-content\/uploads\/2025\/08\/arvo-logo-grey.webp\",\"contentUrl\":\"https:\/\/vinsarstastu.lv\/wp-content\/uploads\/2025\/08\/arvo-logo-grey.webp\",\"width\":350,\"height\":281,\"caption\":\"SIA ARVO\"},\"image\":{\"@id\":\"https:\/\/vinsarstastu.lv\/en\/#\/schema\/logo\/image\/\"}}]}<\/script>\n<!-- \/ Yoast SEO plugin. -->","yoast_head_json":{"title":"Escherndorfer F\u00fcrstenberg Riesling Sekt brut | Wine with a Story","description":"Escherndorfer F\u00fcrstenberg Riesling Sekt brut - Rad\u012bts ar aizraujo\u0161u st\u0101stu par izcelsmi un gar\u0161u. Pieejams degust\u0101cij\u0101s R\u012bg\u0101 vai veikal\u0101.","robots":{"index":"index","follow":"follow","max-snippet":"max-snippet:-1","max-image-preview":"max-image-preview:large","max-video-preview":"max-video-preview:-1"},"canonical":"https:\/\/vinsarstastu.lv\/en\/products\/escherndorfer-furstenberg-2019\/","og_locale":"en_US","og_type":"article","og_title":"Escherndorfer F\u00fcrstenberg Riesling Sekt brut | Wine with a Story","og_description":"Escherndorfer F\u00fcrstenberg Riesling Sekt brut - Rad\u012bts ar aizraujo\u0161u st\u0101stu par izcelsmi un gar\u0161u. Pieejams degust\u0101cij\u0101s R\u012bg\u0101 vai veikal\u0101.","og_url":"https:\/\/vinsarstastu.lv\/en\/products\/escherndorfer-furstenberg-2019\/","og_site_name":"V\u012bns ar st\u0101stu","article_modified_time":"2025-12-16T14:28:46+00:00","og_image":[{"width":600,"height":600,"url":"https:\/\/vinsarstastu.lv\/wp-content\/uploads\/2025\/10\/011_19_.webp","type":"image\/webp"}],"twitter_card":"summary_large_image","twitter_misc":{"Est. reading time":"1 minute"},"schema":{"@context":"https:\/\/schema.org","@graph":[{"@type":["WebPage","ItemPage"],"@id":"https:\/\/vinsarstastu.lv\/en\/products\/escherndorfer-furstenberg-2019\/","url":"https:\/\/vinsarstastu.lv\/en\/products\/escherndorfer-furstenberg-2019\/","name":"Escherndorfer F\u00fcrstenberg Riesling Sekt brut | Wine with a Story","isPartOf":{"@id":"https:\/\/vinsarstastu.lv\/en\/#website"},"primaryImageOfPage":{"@id":"https:\/\/vinsarstastu.lv\/en\/products\/escherndorfer-furstenberg-2019\/#primaryimage"},"image":{"@id":"https:\/\/vinsarstastu.lv\/en\/products\/escherndorfer-furstenberg-2019\/#primaryimage"},"thumbnailUrl":"https:\/\/vinsarstastu.lv\/wp-content\/uploads\/2025\/10\/011_19_.webp","datePublished":"2025-09-11T19:33:58+00:00","dateModified":"2025-12-16T14:28:46+00:00","description":"Escherndorfer F\u00fcrstenberg Riesling Sekt brut - Rad\u012bts ar aizraujo\u0161u st\u0101stu par izcelsmi un gar\u0161u. Pieejams degust\u0101cij\u0101s R\u012bg\u0101 vai veikal\u0101.","breadcrumb":{"@id":"https:\/\/vinsarstastu.lv\/en\/products\/escherndorfer-furstenberg-2019\/#breadcrumb"},"inLanguage":"en-US","potentialAction":[{"@type":"ReadAction","target":["https:\/\/vinsarstastu.lv\/en\/products\/escherndorfer-furstenberg-2019\/"]}]},{"@type":"ImageObject","inLanguage":"en-US","@id":"https:\/\/vinsarstastu.lv\/en\/products\/escherndorfer-furstenberg-2019\/#primaryimage","url":"https:\/\/vinsarstastu.lv\/wp-content\/uploads\/2025\/10\/011_19_.webp","contentUrl":"https:\/\/vinsarstastu.lv\/wp-content\/uploads\/2025\/10\/011_19_.webp","width":600,"height":600},{"@type":"BreadcrumbList","@id":"https:\/\/vinsarstastu.lv\/en\/products\/escherndorfer-furstenberg-2019\/#breadcrumb","itemListElement":[{"@type":"ListItem","position":1,"name":"Home","item":"https:\/\/vinsarstastu.lv\/en\/home\/"},{"@type":"ListItem","position":2,"name":"Shop","item":"https:\/\/vinsarstastu.lv\/veikals\/"},{"@type":"ListItem","position":3,"name":"Escherndorfer F\u00fcrstenberg Riesling Sekt brut"}]},{"@type":"WebSite","@id":"https:\/\/vinsarstastu.lv\/en\/#website","url":"https:\/\/vinsarstastu.lv\/en\/","name":"V\u012bns ar st\u0101stu","description":"","publisher":{"@id":"https:\/\/vinsarstastu.lv\/en\/#organization"},"alternateName":"Wine with a Story","potentialAction":[{"@type":"SearchAction","target":{"@type":"EntryPoint","urlTemplate":"https:\/\/vinsarstastu.lv\/en\/?s={search_term_string}"},"query-input":{"@type":"PropertyValueSpecification","valueRequired":true,"valueName":"search_term_string"}}],"inLanguage":"en-US"},{"@type":"Organization","@id":"https:\/\/vinsarstastu.lv\/en\/#organization","name":"SIA ARVO","url":"https:\/\/vinsarstastu.lv\/en\/","logo":{"@type":"ImageObject","inLanguage":"en-US","@id":"https:\/\/vinsarstastu.lv\/en\/#\/schema\/logo\/image\/","url":"https:\/\/vinsarstastu.lv\/wp-content\/uploads\/2025\/08\/arvo-logo-grey.webp","contentUrl":"https:\/\/vinsarstastu.lv\/wp-content\/uploads\/2025\/08\/arvo-logo-grey.webp","width":350,"height":281,"caption":"SIA ARVO"},"image":{"@id":"https:\/\/vinsarstastu.lv\/en\/#\/schema\/logo\/image\/"}}]}},"_links":{"self":[{"href":"https:\/\/vinsarstastu.lv\/en\/wp-json\/wp\/v2\/product\/7527","targetHints":{"allow":["GET"]}}],"collection":[{"href":"https:\/\/vinsarstastu.lv\/en\/wp-json\/wp\/v2\/product"}],"about":[{"href":"https:\/\/vinsarstastu.lv\/en\/wp-json\/wp\/v2\/types\/product"}],"replies":[{"embeddable":true,"href":"https:\/\/vinsarstastu.lv\/en\/wp-json\/wp\/v2\/comments?post=7527"}],"wp:featuredmedia":[{"embeddable":true,"href":"https:\/\/vinsarstastu.lv\/en\/wp-json\/wp\/v2\/media\/9165"}],"wp:attachment":[{"href":"https:\/\/vinsarstastu.lv\/en\/wp-json\/wp\/v2\/media?parent=7527"}],"wp:term":[{"taxonomy":"product_brand","embeddable":true,"href":"https:\/\/vinsarstastu.lv\/en\/wp-json\/wp\/v2\/product_brand?post=7527"},{"taxonomy":"product_cat","embeddable":true,"href":"https:\/\/vinsarstastu.lv\/en\/wp-json\/wp\/v2\/product_cat?post=7527"},{"taxonomy":"product_tag","embeddable":true,"href":"https:\/\/vinsarstastu.lv\/en\/wp-json\/wp\/v2\/product_tag?post=7527"}],"curies":[{"name":"wp","href":"https:\/\/api.w.org\/{rel}","templated":true}]}}