{"id":7522,"date":"2025-09-11T16:10:04","date_gmt":"2025-09-11T13:10:04","guid":{"rendered":"https:\/\/vinsarstastu.lv\/products\/escherndorfer-lump-silvaner\/"},"modified":"2025-12-19T11:17:35","modified_gmt":"2025-12-19T09:17:35","slug":"escherndorfer-lump-silvaner","status":"publish","type":"product","link":"https:\/\/vinsarstastu.lv\/en\/products\/escherndorfer-lump-silvaner\/","title":{"rendered":"Escherndorfer Lump Silvaner"},"content":{"rendered":"<p>Silvaner embodies Franconia like no other grape variety, as does the world-famous Escherndorfer Lump vineyard.<br \/>\nThe vines grow in almost pure limestone soils which gives the wine its unmistakable minerality and spiciness.<br \/>\nFor this Silvaner, we are using a short maceration period to get the very best out of the grapes. After that, the wine is aged on the lees in a stainless steel tank until bottling.<br \/>\nAgeing on the lees gives the wine a better structure, increases its longevity and enhances it with nuanced complexity provided by reductive notes.<br \/>\nThe aroma has a touch of hay and herbs with a light hint of apple, while on the palate, it develops with herb spiciness and a delicate acidity structure. <\/p>\n<p>Year: 2023<br \/>\nVariety: Silvaner<br \/>\nSingle vine: Escherndorfer Lump<br \/>\n89 points &#8211; James Suckling<br \/>\n88 points &#8211; Eichelmann 2025<br \/>\nDrinking temperature: 8-10 \u00b0C<br \/>\nResidual sugar: 3,2 g\/l<br \/>\nAcidity: 5,4 g\/l<br \/>\nAlcohol: 12,5 % vol<br \/>\nVolume: 0,75 L<br \/>\nContains sulphites<\/p>\n","protected":false},"excerpt":{"rendered":"<p>Silvaner embodies Franconia like no other grape variety, as does the world-famous Escherndorfer Lump vineyard.<br \/>The vines grow in almost pure limestone soils which gives the wine its unmistakable minerality and spiciness.<br \/>For this Silvaner, we are using a short maceration period to get the very best out of the grapes. After that, the wine is aged on the lees in a stainless steel tank until bottling.<br \/>Ageing on the lees gives the wine a better structure, increases its longevity and enhances it with nuanced complexity provided by reductive notes.<\/p>\n<p>The aroma has a touch of hay and herbs with a light hint of apple, while on the palate, it develops with herb spiciness and a delicate acidity structure. <\/p>\n","protected":false},"featured_media":9180,"comment_status":"open","ping_status":"closed","template":"","meta":[],"product_brand":[187],"product_cat":[172,174],"product_tag":[],"class_list":{"0":"post-7522","1":"product","2":"type-product","3":"status-publish","4":"has-post-thumbnail","6":"product_brand-weingut-hohn","7":"product_cat-wines","8":"product_cat-white-wine","10":"first","11":"instock","12":"taxable","13":"shipping-taxable","14":"purchasable","15":"product-type-simple"},"yoast_head":"<!-- This site is optimized with the Yoast SEO plugin v26.6 - https:\/\/yoast.com\/wordpress\/plugins\/seo\/ -->\n<title>Escherndorfer Lump Silvaner | V\u012bns ar St\u0101stu<\/title>\n<meta name=\"description\" content=\"Escherndorfer Lump Silvaner - Rad\u012bts ar aizraujo\u0161u st\u0101stu par izcelsmi un gar\u0161u. Pieejams degust\u0101cij\u0101s R\u012bg\u0101 vai veikal\u0101.\" \/>\n<meta name=\"robots\" content=\"index, follow, max-snippet:-1, max-image-preview:large, max-video-preview:-1\" \/>\n<link rel=\"canonical\" href=\"https:\/\/vinsarstastu.lv\/en\/products\/escherndorfer-lump-silvaner\/\" \/>\n<meta property=\"og:locale\" content=\"en_US\" \/>\n<meta property=\"og:type\" content=\"article\" \/>\n<meta property=\"og:title\" content=\"Escherndorfer Lump Silvaner | V\u012bns ar St\u0101stu\" \/>\n<meta property=\"og:description\" content=\"Escherndorfer Lump Silvaner - Rad\u012bts ar aizraujo\u0161u st\u0101stu par izcelsmi un gar\u0161u. Pieejams degust\u0101cij\u0101s R\u012bg\u0101 vai veikal\u0101.\" \/>\n<meta property=\"og:url\" content=\"https:\/\/vinsarstastu.lv\/en\/products\/escherndorfer-lump-silvaner\/\" \/>\n<meta property=\"og:site_name\" content=\"V\u012bns ar st\u0101stu\" \/>\n<meta property=\"article:modified_time\" content=\"2025-12-19T09:17:35+00:00\" \/>\n<meta property=\"og:image\" content=\"https:\/\/vinsarstastu.lv\/wp-content\/uploads\/2025\/09\/Escherndorfer-Lump-Silvaner-012-23-1-2.webp\" \/>\n\t<meta property=\"og:image:width\" content=\"600\" \/>\n\t<meta property=\"og:image:height\" content=\"600\" \/>\n\t<meta property=\"og:image:type\" content=\"image\/webp\" \/>\n<meta name=\"twitter:card\" content=\"summary_large_image\" \/>\n<meta name=\"twitter:label1\" content=\"Est. reading time\" \/>\n\t<meta name=\"twitter:data1\" content=\"1 minute\" \/>\n<script type=\"application\/ld+json\" class=\"yoast-schema-graph\">{\"@context\":\"https:\/\/schema.org\",\"@graph\":[{\"@type\":[\"WebPage\",\"ItemPage\"],\"@id\":\"https:\/\/vinsarstastu.lv\/en\/products\/escherndorfer-lump-silvaner\/\",\"url\":\"https:\/\/vinsarstastu.lv\/en\/products\/escherndorfer-lump-silvaner\/\",\"name\":\"Escherndorfer Lump Silvaner | V\u012bns ar St\u0101stu\",\"isPartOf\":{\"@id\":\"https:\/\/vinsarstastu.lv\/en\/#website\"},\"primaryImageOfPage\":{\"@id\":\"https:\/\/vinsarstastu.lv\/en\/products\/escherndorfer-lump-silvaner\/#primaryimage\"},\"image\":{\"@id\":\"https:\/\/vinsarstastu.lv\/en\/products\/escherndorfer-lump-silvaner\/#primaryimage\"},\"thumbnailUrl\":\"https:\/\/vinsarstastu.lv\/wp-content\/uploads\/2025\/09\/Escherndorfer-Lump-Silvaner-012-23-1-2.webp\",\"datePublished\":\"2025-09-11T13:10:04+00:00\",\"dateModified\":\"2025-12-19T09:17:35+00:00\",\"description\":\"Escherndorfer Lump Silvaner - Rad\u012bts ar aizraujo\u0161u st\u0101stu par izcelsmi un gar\u0161u. Pieejams degust\u0101cij\u0101s R\u012bg\u0101 vai veikal\u0101.\",\"breadcrumb\":{\"@id\":\"https:\/\/vinsarstastu.lv\/en\/products\/escherndorfer-lump-silvaner\/#breadcrumb\"},\"inLanguage\":\"en-US\",\"potentialAction\":[{\"@type\":\"ReadAction\",\"target\":[\"https:\/\/vinsarstastu.lv\/en\/products\/escherndorfer-lump-silvaner\/\"]}]},{\"@type\":\"ImageObject\",\"inLanguage\":\"en-US\",\"@id\":\"https:\/\/vinsarstastu.lv\/en\/products\/escherndorfer-lump-silvaner\/#primaryimage\",\"url\":\"https:\/\/vinsarstastu.lv\/wp-content\/uploads\/2025\/09\/Escherndorfer-Lump-Silvaner-012-23-1-2.webp\",\"contentUrl\":\"https:\/\/vinsarstastu.lv\/wp-content\/uploads\/2025\/09\/Escherndorfer-Lump-Silvaner-012-23-1-2.webp\",\"width\":600,\"height\":600},{\"@type\":\"BreadcrumbList\",\"@id\":\"https:\/\/vinsarstastu.lv\/en\/products\/escherndorfer-lump-silvaner\/#breadcrumb\",\"itemListElement\":[{\"@type\":\"ListItem\",\"position\":1,\"name\":\"Home\",\"item\":\"https:\/\/vinsarstastu.lv\/en\/home\/\"},{\"@type\":\"ListItem\",\"position\":2,\"name\":\"Shop\",\"item\":\"https:\/\/vinsarstastu.lv\/veikals\/\"},{\"@type\":\"ListItem\",\"position\":3,\"name\":\"Escherndorfer Lump Silvaner\"}]},{\"@type\":\"WebSite\",\"@id\":\"https:\/\/vinsarstastu.lv\/en\/#website\",\"url\":\"https:\/\/vinsarstastu.lv\/en\/\",\"name\":\"V\u012bns ar st\u0101stu\",\"description\":\"\",\"publisher\":{\"@id\":\"https:\/\/vinsarstastu.lv\/en\/#organization\"},\"alternateName\":\"Wine with a Story\",\"potentialAction\":[{\"@type\":\"SearchAction\",\"target\":{\"@type\":\"EntryPoint\",\"urlTemplate\":\"https:\/\/vinsarstastu.lv\/en\/?s={search_term_string}\"},\"query-input\":{\"@type\":\"PropertyValueSpecification\",\"valueRequired\":true,\"valueName\":\"search_term_string\"}}],\"inLanguage\":\"en-US\"},{\"@type\":\"Organization\",\"@id\":\"https:\/\/vinsarstastu.lv\/en\/#organization\",\"name\":\"SIA ARVO\",\"url\":\"https:\/\/vinsarstastu.lv\/en\/\",\"logo\":{\"@type\":\"ImageObject\",\"inLanguage\":\"en-US\",\"@id\":\"https:\/\/vinsarstastu.lv\/en\/#\/schema\/logo\/image\/\",\"url\":\"https:\/\/vinsarstastu.lv\/wp-content\/uploads\/2025\/08\/arvo-logo-grey.webp\",\"contentUrl\":\"https:\/\/vinsarstastu.lv\/wp-content\/uploads\/2025\/08\/arvo-logo-grey.webp\",\"width\":350,\"height\":281,\"caption\":\"SIA ARVO\"},\"image\":{\"@id\":\"https:\/\/vinsarstastu.lv\/en\/#\/schema\/logo\/image\/\"}}]}<\/script>\n<!-- \/ Yoast SEO plugin. -->","yoast_head_json":{"title":"Escherndorfer Lump Silvaner | V\u012bns ar St\u0101stu","description":"Escherndorfer Lump Silvaner - Rad\u012bts ar aizraujo\u0161u st\u0101stu par izcelsmi un gar\u0161u. Pieejams degust\u0101cij\u0101s R\u012bg\u0101 vai veikal\u0101.","robots":{"index":"index","follow":"follow","max-snippet":"max-snippet:-1","max-image-preview":"max-image-preview:large","max-video-preview":"max-video-preview:-1"},"canonical":"https:\/\/vinsarstastu.lv\/en\/products\/escherndorfer-lump-silvaner\/","og_locale":"en_US","og_type":"article","og_title":"Escherndorfer Lump Silvaner | V\u012bns ar St\u0101stu","og_description":"Escherndorfer Lump Silvaner - Rad\u012bts ar aizraujo\u0161u st\u0101stu par izcelsmi un gar\u0161u. Pieejams degust\u0101cij\u0101s R\u012bg\u0101 vai veikal\u0101.","og_url":"https:\/\/vinsarstastu.lv\/en\/products\/escherndorfer-lump-silvaner\/","og_site_name":"V\u012bns ar st\u0101stu","article_modified_time":"2025-12-19T09:17:35+00:00","og_image":[{"width":600,"height":600,"url":"https:\/\/vinsarstastu.lv\/wp-content\/uploads\/2025\/09\/Escherndorfer-Lump-Silvaner-012-23-1-2.webp","type":"image\/webp"}],"twitter_card":"summary_large_image","twitter_misc":{"Est. reading time":"1 minute"},"schema":{"@context":"https:\/\/schema.org","@graph":[{"@type":["WebPage","ItemPage"],"@id":"https:\/\/vinsarstastu.lv\/en\/products\/escherndorfer-lump-silvaner\/","url":"https:\/\/vinsarstastu.lv\/en\/products\/escherndorfer-lump-silvaner\/","name":"Escherndorfer Lump Silvaner | V\u012bns ar St\u0101stu","isPartOf":{"@id":"https:\/\/vinsarstastu.lv\/en\/#website"},"primaryImageOfPage":{"@id":"https:\/\/vinsarstastu.lv\/en\/products\/escherndorfer-lump-silvaner\/#primaryimage"},"image":{"@id":"https:\/\/vinsarstastu.lv\/en\/products\/escherndorfer-lump-silvaner\/#primaryimage"},"thumbnailUrl":"https:\/\/vinsarstastu.lv\/wp-content\/uploads\/2025\/09\/Escherndorfer-Lump-Silvaner-012-23-1-2.webp","datePublished":"2025-09-11T13:10:04+00:00","dateModified":"2025-12-19T09:17:35+00:00","description":"Escherndorfer Lump Silvaner - Rad\u012bts ar aizraujo\u0161u st\u0101stu par izcelsmi un gar\u0161u. Pieejams degust\u0101cij\u0101s R\u012bg\u0101 vai veikal\u0101.","breadcrumb":{"@id":"https:\/\/vinsarstastu.lv\/en\/products\/escherndorfer-lump-silvaner\/#breadcrumb"},"inLanguage":"en-US","potentialAction":[{"@type":"ReadAction","target":["https:\/\/vinsarstastu.lv\/en\/products\/escherndorfer-lump-silvaner\/"]}]},{"@type":"ImageObject","inLanguage":"en-US","@id":"https:\/\/vinsarstastu.lv\/en\/products\/escherndorfer-lump-silvaner\/#primaryimage","url":"https:\/\/vinsarstastu.lv\/wp-content\/uploads\/2025\/09\/Escherndorfer-Lump-Silvaner-012-23-1-2.webp","contentUrl":"https:\/\/vinsarstastu.lv\/wp-content\/uploads\/2025\/09\/Escherndorfer-Lump-Silvaner-012-23-1-2.webp","width":600,"height":600},{"@type":"BreadcrumbList","@id":"https:\/\/vinsarstastu.lv\/en\/products\/escherndorfer-lump-silvaner\/#breadcrumb","itemListElement":[{"@type":"ListItem","position":1,"name":"Home","item":"https:\/\/vinsarstastu.lv\/en\/home\/"},{"@type":"ListItem","position":2,"name":"Shop","item":"https:\/\/vinsarstastu.lv\/veikals\/"},{"@type":"ListItem","position":3,"name":"Escherndorfer Lump Silvaner"}]},{"@type":"WebSite","@id":"https:\/\/vinsarstastu.lv\/en\/#website","url":"https:\/\/vinsarstastu.lv\/en\/","name":"V\u012bns ar st\u0101stu","description":"","publisher":{"@id":"https:\/\/vinsarstastu.lv\/en\/#organization"},"alternateName":"Wine with a Story","potentialAction":[{"@type":"SearchAction","target":{"@type":"EntryPoint","urlTemplate":"https:\/\/vinsarstastu.lv\/en\/?s={search_term_string}"},"query-input":{"@type":"PropertyValueSpecification","valueRequired":true,"valueName":"search_term_string"}}],"inLanguage":"en-US"},{"@type":"Organization","@id":"https:\/\/vinsarstastu.lv\/en\/#organization","name":"SIA ARVO","url":"https:\/\/vinsarstastu.lv\/en\/","logo":{"@type":"ImageObject","inLanguage":"en-US","@id":"https:\/\/vinsarstastu.lv\/en\/#\/schema\/logo\/image\/","url":"https:\/\/vinsarstastu.lv\/wp-content\/uploads\/2025\/08\/arvo-logo-grey.webp","contentUrl":"https:\/\/vinsarstastu.lv\/wp-content\/uploads\/2025\/08\/arvo-logo-grey.webp","width":350,"height":281,"caption":"SIA ARVO"},"image":{"@id":"https:\/\/vinsarstastu.lv\/en\/#\/schema\/logo\/image\/"}}]}},"_links":{"self":[{"href":"https:\/\/vinsarstastu.lv\/en\/wp-json\/wp\/v2\/product\/7522","targetHints":{"allow":["GET"]}}],"collection":[{"href":"https:\/\/vinsarstastu.lv\/en\/wp-json\/wp\/v2\/product"}],"about":[{"href":"https:\/\/vinsarstastu.lv\/en\/wp-json\/wp\/v2\/types\/product"}],"replies":[{"embeddable":true,"href":"https:\/\/vinsarstastu.lv\/en\/wp-json\/wp\/v2\/comments?post=7522"}],"wp:featuredmedia":[{"embeddable":true,"href":"https:\/\/vinsarstastu.lv\/en\/wp-json\/wp\/v2\/media\/9180"}],"wp:attachment":[{"href":"https:\/\/vinsarstastu.lv\/en\/wp-json\/wp\/v2\/media?parent=7522"}],"wp:term":[{"taxonomy":"product_brand","embeddable":true,"href":"https:\/\/vinsarstastu.lv\/en\/wp-json\/wp\/v2\/product_brand?post=7522"},{"taxonomy":"product_cat","embeddable":true,"href":"https:\/\/vinsarstastu.lv\/en\/wp-json\/wp\/v2\/product_cat?post=7522"},{"taxonomy":"product_tag","embeddable":true,"href":"https:\/\/vinsarstastu.lv\/en\/wp-json\/wp\/v2\/product_tag?post=7522"}],"curies":[{"name":"wp","href":"https:\/\/api.w.org\/{rel}","templated":true}]}}