{"id":7497,"date":"2025-09-11T14:24:57","date_gmt":"2025-09-11T11:24:57","guid":{"rendered":"https:\/\/vinsarstastu.lv\/products\/escherndorfer-lump-silvaner-oak-aged\/"},"modified":"2025-12-08T09:42:41","modified_gmt":"2025-12-08T07:42:41","slug":"escherndorfer-lump-silvaner-oak-aged","status":"publish","type":"product","link":"https:\/\/vinsarstastu.lv\/en\/products\/escherndorfer-lump-silvaner-oak-aged\/","title":{"rendered":"Escherndorfer Lump Silvaner \u2013 Oak Aged"},"content":{"rendered":"<p>Our Silvaner embodies Franconia like no other grape variety, as does the world-famous Escherndorfer Lump vineyard.<br \/>\nThe vines grow in almost pure limestone soils which gives the wine its unmistakable minerality and spice.<br \/>\nThis Silvaner was fermented in 500 l oak barrels.<br \/>\nHints of ripe pears and a light touch of apple on the nose. On the palate, a bit of spice, a delicate acidity structure and a full, long-lasting finish.<\/p>\n<p>Vintage: 2022<br \/>\nVariety: Silvaner<br \/>\nSingle vineyard: Escherndorfer Lump<br \/>\n91 points \u2013 James Suckling<br \/>\n3 red grapes \u2013 Gault &amp; Millau 2024<br \/>\n91 points \u2013 LagenCup White 2023<br \/>\n87 points \u2013 Eichelmann 2024<br \/>\nServing temperature: 8\u201310\u00b0C<br \/>\nResidual sugar: 3.9 g\/l<br \/>\nAcidity: 6.1 g\/l<br \/>\nAlcohol: 12.0% vol.<br \/>\n0.75 l<br \/>\nContains sulfites<\/p>\n","protected":false},"excerpt":{"rendered":"<p>Our Silvaner embodies Franconia like no other grape variety, as does the world-famous Escherndorfer Lump vineyard.<br \/>\nThe vines grow in almost pure limestone soils which gives the wine its unmistakable minerality and spice.<br \/>\nThis Silvaner was fermented in 500 l oak barrels.<br \/>\nHints of ripe pears and a light touch of apple on the nose. On the palate, a bit of spice, a delicate acidity structure and a full, long-lasting finish.<\/p>\n","protected":false},"featured_media":7472,"comment_status":"open","ping_status":"closed","template":"","meta":[],"product_brand":[187],"product_cat":[172,174],"product_tag":[],"class_list":{"0":"post-7497","1":"product","2":"type-product","3":"status-publish","4":"has-post-thumbnail","6":"product_brand-weingut-hohn","7":"product_cat-wines","8":"product_cat-white-wine","10":"first","11":"instock","12":"taxable","13":"shipping-taxable","14":"purchasable","15":"product-type-simple"},"yoast_head":"<!-- This site is optimized with the Yoast SEO plugin v26.6 - https:\/\/yoast.com\/wordpress\/plugins\/seo\/ -->\n<title>Escherndorfer Lump Silvaner \u2013 Oak Aged | V\u012bns ar St\u0101stu<\/title>\n<meta name=\"description\" content=\"Escherndorfer Lump Silvaner \u2013 Oak Aged - Rad\u012bts ar aizraujo\u0161u st\u0101stu par izcelsmi un gar\u0161u. Pieejams degust\u0101cij\u0101s R\u012bg\u0101 vai veikal\u0101.\" \/>\n<meta name=\"robots\" content=\"index, follow, max-snippet:-1, max-image-preview:large, max-video-preview:-1\" \/>\n<link rel=\"canonical\" href=\"https:\/\/vinsarstastu.lv\/en\/products\/escherndorfer-lump-silvaner-oak-aged\/\" \/>\n<meta property=\"og:locale\" content=\"en_US\" \/>\n<meta property=\"og:type\" content=\"article\" \/>\n<meta property=\"og:title\" content=\"Escherndorfer Lump Silvaner \u2013 Oak Aged | V\u012bns ar St\u0101stu\" \/>\n<meta property=\"og:description\" content=\"Escherndorfer Lump Silvaner \u2013 Oak Aged - Rad\u012bts ar aizraujo\u0161u st\u0101stu par izcelsmi un gar\u0161u. Pieejams degust\u0101cij\u0101s R\u012bg\u0101 vai veikal\u0101.\" \/>\n<meta property=\"og:url\" content=\"https:\/\/vinsarstastu.lv\/en\/products\/escherndorfer-lump-silvaner-oak-aged\/\" \/>\n<meta property=\"og:site_name\" content=\"V\u012bns ar st\u0101stu\" \/>\n<meta property=\"article:modified_time\" content=\"2025-12-08T07:42:41+00:00\" \/>\n<meta property=\"og:image\" content=\"https:\/\/vinsarstastu.lv\/wp-content\/uploads\/2025\/09\/2022-Escherndorfer-F\u0403rstenberg-Wei\u0431er-Burgunder-018-22-1-2.webp\" \/>\n\t<meta property=\"og:image:width\" content=\"600\" \/>\n\t<meta property=\"og:image:height\" content=\"600\" \/>\n\t<meta property=\"og:image:type\" content=\"image\/webp\" \/>\n<meta name=\"twitter:card\" content=\"summary_large_image\" \/>\n<meta name=\"twitter:label1\" content=\"Est. reading time\" \/>\n\t<meta name=\"twitter:data1\" content=\"1 minute\" \/>\n<script type=\"application\/ld+json\" class=\"yoast-schema-graph\">{\"@context\":\"https:\/\/schema.org\",\"@graph\":[{\"@type\":[\"WebPage\",\"ItemPage\"],\"@id\":\"https:\/\/vinsarstastu.lv\/en\/products\/escherndorfer-lump-silvaner-oak-aged\/\",\"url\":\"https:\/\/vinsarstastu.lv\/en\/products\/escherndorfer-lump-silvaner-oak-aged\/\",\"name\":\"Escherndorfer Lump Silvaner \u2013 Oak Aged | V\u012bns ar St\u0101stu\",\"isPartOf\":{\"@id\":\"https:\/\/vinsarstastu.lv\/en\/#website\"},\"primaryImageOfPage\":{\"@id\":\"https:\/\/vinsarstastu.lv\/en\/products\/escherndorfer-lump-silvaner-oak-aged\/#primaryimage\"},\"image\":{\"@id\":\"https:\/\/vinsarstastu.lv\/en\/products\/escherndorfer-lump-silvaner-oak-aged\/#primaryimage\"},\"thumbnailUrl\":\"https:\/\/vinsarstastu.lv\/wp-content\/uploads\/2025\/09\/2022-Escherndorfer-F\u0403rstenberg-Wei\u0431er-Burgunder-018-22-1-2.webp\",\"datePublished\":\"2025-09-11T11:24:57+00:00\",\"dateModified\":\"2025-12-08T07:42:41+00:00\",\"description\":\"Escherndorfer Lump Silvaner \u2013 Oak Aged - Rad\u012bts ar aizraujo\u0161u st\u0101stu par izcelsmi un gar\u0161u. Pieejams degust\u0101cij\u0101s R\u012bg\u0101 vai veikal\u0101.\",\"breadcrumb\":{\"@id\":\"https:\/\/vinsarstastu.lv\/en\/products\/escherndorfer-lump-silvaner-oak-aged\/#breadcrumb\"},\"inLanguage\":\"en-US\",\"potentialAction\":[{\"@type\":\"ReadAction\",\"target\":[\"https:\/\/vinsarstastu.lv\/en\/products\/escherndorfer-lump-silvaner-oak-aged\/\"]}]},{\"@type\":\"ImageObject\",\"inLanguage\":\"en-US\",\"@id\":\"https:\/\/vinsarstastu.lv\/en\/products\/escherndorfer-lump-silvaner-oak-aged\/#primaryimage\",\"url\":\"https:\/\/vinsarstastu.lv\/wp-content\/uploads\/2025\/09\/2022-Escherndorfer-F\u0403rstenberg-Wei\u0431er-Burgunder-018-22-1-2.webp\",\"contentUrl\":\"https:\/\/vinsarstastu.lv\/wp-content\/uploads\/2025\/09\/2022-Escherndorfer-F\u0403rstenberg-Wei\u0431er-Burgunder-018-22-1-2.webp\",\"width\":600,\"height\":600},{\"@type\":\"BreadcrumbList\",\"@id\":\"https:\/\/vinsarstastu.lv\/en\/products\/escherndorfer-lump-silvaner-oak-aged\/#breadcrumb\",\"itemListElement\":[{\"@type\":\"ListItem\",\"position\":1,\"name\":\"Home\",\"item\":\"https:\/\/vinsarstastu.lv\/en\/home\/\"},{\"@type\":\"ListItem\",\"position\":2,\"name\":\"Shop\",\"item\":\"https:\/\/vinsarstastu.lv\/veikals\/\"},{\"@type\":\"ListItem\",\"position\":3,\"name\":\"Escherndorfer Lump Silvaner \u2013 Oak Aged\"}]},{\"@type\":\"WebSite\",\"@id\":\"https:\/\/vinsarstastu.lv\/en\/#website\",\"url\":\"https:\/\/vinsarstastu.lv\/en\/\",\"name\":\"V\u012bns ar st\u0101stu\",\"description\":\"\",\"publisher\":{\"@id\":\"https:\/\/vinsarstastu.lv\/en\/#organization\"},\"alternateName\":\"Wine with a Story\",\"potentialAction\":[{\"@type\":\"SearchAction\",\"target\":{\"@type\":\"EntryPoint\",\"urlTemplate\":\"https:\/\/vinsarstastu.lv\/en\/?s={search_term_string}\"},\"query-input\":{\"@type\":\"PropertyValueSpecification\",\"valueRequired\":true,\"valueName\":\"search_term_string\"}}],\"inLanguage\":\"en-US\"},{\"@type\":\"Organization\",\"@id\":\"https:\/\/vinsarstastu.lv\/en\/#organization\",\"name\":\"SIA ARVO\",\"url\":\"https:\/\/vinsarstastu.lv\/en\/\",\"logo\":{\"@type\":\"ImageObject\",\"inLanguage\":\"en-US\",\"@id\":\"https:\/\/vinsarstastu.lv\/en\/#\/schema\/logo\/image\/\",\"url\":\"https:\/\/vinsarstastu.lv\/wp-content\/uploads\/2025\/08\/arvo-logo-grey.webp\",\"contentUrl\":\"https:\/\/vinsarstastu.lv\/wp-content\/uploads\/2025\/08\/arvo-logo-grey.webp\",\"width\":350,\"height\":281,\"caption\":\"SIA ARVO\"},\"image\":{\"@id\":\"https:\/\/vinsarstastu.lv\/en\/#\/schema\/logo\/image\/\"}}]}<\/script>\n<!-- \/ Yoast SEO plugin. -->","yoast_head_json":{"title":"Escherndorfer Lump Silvaner \u2013 Oak Aged | V\u012bns ar St\u0101stu","description":"Escherndorfer Lump Silvaner \u2013 Oak Aged - Rad\u012bts ar aizraujo\u0161u st\u0101stu par izcelsmi un gar\u0161u. Pieejams degust\u0101cij\u0101s R\u012bg\u0101 vai veikal\u0101.","robots":{"index":"index","follow":"follow","max-snippet":"max-snippet:-1","max-image-preview":"max-image-preview:large","max-video-preview":"max-video-preview:-1"},"canonical":"https:\/\/vinsarstastu.lv\/en\/products\/escherndorfer-lump-silvaner-oak-aged\/","og_locale":"en_US","og_type":"article","og_title":"Escherndorfer Lump Silvaner \u2013 Oak Aged | V\u012bns ar St\u0101stu","og_description":"Escherndorfer Lump Silvaner \u2013 Oak Aged - Rad\u012bts ar aizraujo\u0161u st\u0101stu par izcelsmi un gar\u0161u. Pieejams degust\u0101cij\u0101s R\u012bg\u0101 vai veikal\u0101.","og_url":"https:\/\/vinsarstastu.lv\/en\/products\/escherndorfer-lump-silvaner-oak-aged\/","og_site_name":"V\u012bns ar st\u0101stu","article_modified_time":"2025-12-08T07:42:41+00:00","og_image":[{"width":600,"height":600,"url":"https:\/\/vinsarstastu.lv\/wp-content\/uploads\/2025\/09\/2022-Escherndorfer-F\u0403rstenberg-Wei\u0431er-Burgunder-018-22-1-2.webp","type":"image\/webp"}],"twitter_card":"summary_large_image","twitter_misc":{"Est. reading time":"1 minute"},"schema":{"@context":"https:\/\/schema.org","@graph":[{"@type":["WebPage","ItemPage"],"@id":"https:\/\/vinsarstastu.lv\/en\/products\/escherndorfer-lump-silvaner-oak-aged\/","url":"https:\/\/vinsarstastu.lv\/en\/products\/escherndorfer-lump-silvaner-oak-aged\/","name":"Escherndorfer Lump Silvaner \u2013 Oak Aged | V\u012bns ar St\u0101stu","isPartOf":{"@id":"https:\/\/vinsarstastu.lv\/en\/#website"},"primaryImageOfPage":{"@id":"https:\/\/vinsarstastu.lv\/en\/products\/escherndorfer-lump-silvaner-oak-aged\/#primaryimage"},"image":{"@id":"https:\/\/vinsarstastu.lv\/en\/products\/escherndorfer-lump-silvaner-oak-aged\/#primaryimage"},"thumbnailUrl":"https:\/\/vinsarstastu.lv\/wp-content\/uploads\/2025\/09\/2022-Escherndorfer-F\u0403rstenberg-Wei\u0431er-Burgunder-018-22-1-2.webp","datePublished":"2025-09-11T11:24:57+00:00","dateModified":"2025-12-08T07:42:41+00:00","description":"Escherndorfer Lump Silvaner \u2013 Oak Aged - Rad\u012bts ar aizraujo\u0161u st\u0101stu par izcelsmi un gar\u0161u. Pieejams degust\u0101cij\u0101s R\u012bg\u0101 vai veikal\u0101.","breadcrumb":{"@id":"https:\/\/vinsarstastu.lv\/en\/products\/escherndorfer-lump-silvaner-oak-aged\/#breadcrumb"},"inLanguage":"en-US","potentialAction":[{"@type":"ReadAction","target":["https:\/\/vinsarstastu.lv\/en\/products\/escherndorfer-lump-silvaner-oak-aged\/"]}]},{"@type":"ImageObject","inLanguage":"en-US","@id":"https:\/\/vinsarstastu.lv\/en\/products\/escherndorfer-lump-silvaner-oak-aged\/#primaryimage","url":"https:\/\/vinsarstastu.lv\/wp-content\/uploads\/2025\/09\/2022-Escherndorfer-F\u0403rstenberg-Wei\u0431er-Burgunder-018-22-1-2.webp","contentUrl":"https:\/\/vinsarstastu.lv\/wp-content\/uploads\/2025\/09\/2022-Escherndorfer-F\u0403rstenberg-Wei\u0431er-Burgunder-018-22-1-2.webp","width":600,"height":600},{"@type":"BreadcrumbList","@id":"https:\/\/vinsarstastu.lv\/en\/products\/escherndorfer-lump-silvaner-oak-aged\/#breadcrumb","itemListElement":[{"@type":"ListItem","position":1,"name":"Home","item":"https:\/\/vinsarstastu.lv\/en\/home\/"},{"@type":"ListItem","position":2,"name":"Shop","item":"https:\/\/vinsarstastu.lv\/veikals\/"},{"@type":"ListItem","position":3,"name":"Escherndorfer Lump Silvaner \u2013 Oak Aged"}]},{"@type":"WebSite","@id":"https:\/\/vinsarstastu.lv\/en\/#website","url":"https:\/\/vinsarstastu.lv\/en\/","name":"V\u012bns ar st\u0101stu","description":"","publisher":{"@id":"https:\/\/vinsarstastu.lv\/en\/#organization"},"alternateName":"Wine with a Story","potentialAction":[{"@type":"SearchAction","target":{"@type":"EntryPoint","urlTemplate":"https:\/\/vinsarstastu.lv\/en\/?s={search_term_string}"},"query-input":{"@type":"PropertyValueSpecification","valueRequired":true,"valueName":"search_term_string"}}],"inLanguage":"en-US"},{"@type":"Organization","@id":"https:\/\/vinsarstastu.lv\/en\/#organization","name":"SIA ARVO","url":"https:\/\/vinsarstastu.lv\/en\/","logo":{"@type":"ImageObject","inLanguage":"en-US","@id":"https:\/\/vinsarstastu.lv\/en\/#\/schema\/logo\/image\/","url":"https:\/\/vinsarstastu.lv\/wp-content\/uploads\/2025\/08\/arvo-logo-grey.webp","contentUrl":"https:\/\/vinsarstastu.lv\/wp-content\/uploads\/2025\/08\/arvo-logo-grey.webp","width":350,"height":281,"caption":"SIA ARVO"},"image":{"@id":"https:\/\/vinsarstastu.lv\/en\/#\/schema\/logo\/image\/"}}]}},"_links":{"self":[{"href":"https:\/\/vinsarstastu.lv\/en\/wp-json\/wp\/v2\/product\/7497","targetHints":{"allow":["GET"]}}],"collection":[{"href":"https:\/\/vinsarstastu.lv\/en\/wp-json\/wp\/v2\/product"}],"about":[{"href":"https:\/\/vinsarstastu.lv\/en\/wp-json\/wp\/v2\/types\/product"}],"replies":[{"embeddable":true,"href":"https:\/\/vinsarstastu.lv\/en\/wp-json\/wp\/v2\/comments?post=7497"}],"wp:featuredmedia":[{"embeddable":true,"href":"https:\/\/vinsarstastu.lv\/en\/wp-json\/wp\/v2\/media\/7472"}],"wp:attachment":[{"href":"https:\/\/vinsarstastu.lv\/en\/wp-json\/wp\/v2\/media?parent=7497"}],"wp:term":[{"taxonomy":"product_brand","embeddable":true,"href":"https:\/\/vinsarstastu.lv\/en\/wp-json\/wp\/v2\/product_brand?post=7497"},{"taxonomy":"product_cat","embeddable":true,"href":"https:\/\/vinsarstastu.lv\/en\/wp-json\/wp\/v2\/product_cat?post=7497"},{"taxonomy":"product_tag","embeddable":true,"href":"https:\/\/vinsarstastu.lv\/en\/wp-json\/wp\/v2\/product_tag?post=7497"}],"curies":[{"name":"wp","href":"https:\/\/api.w.org\/{rel}","templated":true}]}}