{"id":7590,"date":"2024-06-10T08:15:49","date_gmt":"2024-06-10T06:15:49","guid":{"rendered":"https:\/\/vinsarstastu.lv\/shipping\/"},"modified":"2025-12-05T16:44:07","modified_gmt":"2025-12-05T14:44:07","slug":"shipping","status":"publish","type":"page","link":"https:\/\/vinsarstastu.lv\/en\/shipping\/","title":{"rendered":"Shipping"},"content":{"rendered":"\t\t<div data-elementor-type=\"wp-page\" data-elementor-id=\"7590\" class=\"elementor elementor-7590 elementor-189\">\n\t\t\t\t<div class=\"elementor-element elementor-element-31841647 e-flex e-con-boxed ecomus-responsive-column ecomus-tablet-column--default ecomus-responsive-column ecomus-mobile-column--default ecomus-responsive-column ecomus-motion--var(--position) e-con e-parent\" data-id=\"31841647\" data-element_type=\"container\">\n\t\t\t\t\t<div class=\"e-con-inner\">\n\t\t<div class=\"elementor-element elementor-element-18fa894e e-con-full e-flex ecomus-responsive-column ecomus-tablet-column--default ecomus-responsive-column ecomus-mobile-column--default ecomus-responsive-column ecomus-motion--var(--position) e-con e-child\" data-id=\"18fa894e\" data-element_type=\"container\">\n\t\t\t\t<\/div>\n\t\t<div class=\"elementor-element elementor-element-31a854d8 e-con-full e-flex ecomus-responsive-column ecomus-tablet-column--default ecomus-responsive-column ecomus-mobile-column--default ecomus-responsive-column ecomus-motion--var(--position) e-con e-child\" data-id=\"31a854d8\" data-element_type=\"container\">\n\t\t\t\t<div class=\"elementor-element elementor-element-ae4de9d elementor-widget elementor-widget-text-editor\" data-id=\"ae4de9d\" data-element_type=\"widget\" data-widget_type=\"text-editor.default\">\n\t\t\t\t\t\t\t\t\t<p>Delivery methods: courier (2 business days in or around R\u012bga, 2-3 business days in Latvia) or Omniva parcel lockers.<br>Cost is shown at checkout.<br>Maximum delivery time: 5 working days from checkout.<br>At delivery: The Buyer or a person of legal age accepting the delivery must show an ID to verify of age. If proof of age is not available or there is no one at the address who is at least 18 years of age, the goods will not be handed over and the delivery costs will not be refunded. <\/p>\t\t\t\t\t\t\t\t<\/div>\n\t\t\t\t<\/div>\n\t\t<div class=\"elementor-element elementor-element-287804ef e-con-full e-flex ecomus-responsive-column ecomus-tablet-column--default ecomus-responsive-column ecomus-mobile-column--default ecomus-responsive-column ecomus-motion--var(--position) e-con e-child\" data-id=\"287804ef\" data-element_type=\"container\">\n\t\t\t\t<\/div>\n\t\t\t\t\t<\/div>\n\t\t\t\t<\/div>\n\t\t\t\t<\/div>\n\t\t","protected":false},"excerpt":{"rendered":"<p>Delivery methods: courier (2 business days in or around R\u012bga, 2-3 business days in Latvia) or Omniva parcel lockers.Cost is shown at checkout.Maximum delivery time: 5 working days from checkout.At delivery: The Buyer or a person of legal age accepting the delivery must show an ID to verify of age. If proof of age is [&hellip;]<\/p>\n","protected":false},"author":1,"featured_media":0,"parent":0,"menu_order":0,"comment_status":"closed","ping_status":"closed","template":"","meta":{"footnotes":""},"class_list":["post-7590","page","type-page","status-publish","hentry"],"yoast_head":"<!-- This site is optimized with the Yoast SEO plugin v26.6 - https:\/\/yoast.com\/wordpress\/plugins\/seo\/ -->\n<title>Shipping - V\u012bns ar st\u0101stu<\/title>\n<meta name=\"description\" content=\"Delivery methods: courier (2 business days in or around R\u012bga, 2-3 business days in Latvia) or Omniva parcel lockers.Cost is shown at checkout.Maximum\" \/>\n<meta name=\"robots\" content=\"index, follow, max-snippet:-1, max-image-preview:large, max-video-preview:-1\" \/>\n<link rel=\"canonical\" href=\"https:\/\/vinsarstastu.lv\/en\/shipping\/\" \/>\n<meta property=\"og:locale\" content=\"en_US\" \/>\n<meta property=\"og:type\" content=\"article\" \/>\n<meta property=\"og:title\" content=\"Shipping - V\u012bns ar st\u0101stu\" \/>\n<meta property=\"og:description\" content=\"Delivery methods: courier (2 business days in or around R\u012bga, 2-3 business days in Latvia) or Omniva parcel lockers.Cost is shown at checkout.Maximum\" \/>\n<meta property=\"og:url\" content=\"https:\/\/vinsarstastu.lv\/en\/shipping\/\" \/>\n<meta property=\"og:site_name\" content=\"V\u012bns ar st\u0101stu\" \/>\n<meta property=\"article:modified_time\" content=\"2025-12-05T14:44:07+00:00\" \/>\n<meta name=\"twitter:card\" content=\"summary_large_image\" \/>\n<script type=\"application\/ld+json\" class=\"yoast-schema-graph\">{\"@context\":\"https:\/\/schema.org\",\"@graph\":[{\"@type\":\"WebPage\",\"@id\":\"https:\/\/vinsarstastu.lv\/en\/shipping\/\",\"url\":\"https:\/\/vinsarstastu.lv\/en\/shipping\/\",\"name\":\"Shipping - V\u012bns ar st\u0101stu\",\"isPartOf\":{\"@id\":\"https:\/\/vinsarstastu.lv\/en\/#website\"},\"datePublished\":\"2024-06-10T06:15:49+00:00\",\"dateModified\":\"2025-12-05T14:44:07+00:00\",\"description\":\"Delivery methods: courier (2 business days in or around R\u012bga, 2-3 business days in Latvia) or Omniva parcel lockers.Cost is shown at checkout.Maximum\",\"breadcrumb\":{\"@id\":\"https:\/\/vinsarstastu.lv\/en\/shipping\/#breadcrumb\"},\"inLanguage\":\"en-US\",\"potentialAction\":[{\"@type\":\"ReadAction\",\"target\":[\"https:\/\/vinsarstastu.lv\/en\/shipping\/\"]}]},{\"@type\":\"BreadcrumbList\",\"@id\":\"https:\/\/vinsarstastu.lv\/en\/shipping\/#breadcrumb\",\"itemListElement\":[{\"@type\":\"ListItem\",\"position\":1,\"name\":\"Home\",\"item\":\"https:\/\/vinsarstastu.lv\/en\/home\/\"},{\"@type\":\"ListItem\",\"position\":2,\"name\":\"Shipping\"}]},{\"@type\":\"WebSite\",\"@id\":\"https:\/\/vinsarstastu.lv\/en\/#website\",\"url\":\"https:\/\/vinsarstastu.lv\/en\/\",\"name\":\"V\u012bns ar st\u0101stu\",\"description\":\"\",\"publisher\":{\"@id\":\"https:\/\/vinsarstastu.lv\/en\/#organization\"},\"alternateName\":\"Wine with a Story\",\"potentialAction\":[{\"@type\":\"SearchAction\",\"target\":{\"@type\":\"EntryPoint\",\"urlTemplate\":\"https:\/\/vinsarstastu.lv\/en\/?s={search_term_string}\"},\"query-input\":{\"@type\":\"PropertyValueSpecification\",\"valueRequired\":true,\"valueName\":\"search_term_string\"}}],\"inLanguage\":\"en-US\"},{\"@type\":\"Organization\",\"@id\":\"https:\/\/vinsarstastu.lv\/en\/#organization\",\"name\":\"SIA ARVO\",\"url\":\"https:\/\/vinsarstastu.lv\/en\/\",\"logo\":{\"@type\":\"ImageObject\",\"inLanguage\":\"en-US\",\"@id\":\"https:\/\/vinsarstastu.lv\/en\/#\/schema\/logo\/image\/\",\"url\":\"https:\/\/vinsarstastu.lv\/wp-content\/uploads\/2025\/08\/arvo-logo-grey.webp\",\"contentUrl\":\"https:\/\/vinsarstastu.lv\/wp-content\/uploads\/2025\/08\/arvo-logo-grey.webp\",\"width\":350,\"height\":281,\"caption\":\"SIA ARVO\"},\"image\":{\"@id\":\"https:\/\/vinsarstastu.lv\/en\/#\/schema\/logo\/image\/\"}}]}<\/script>\n<!-- \/ Yoast SEO plugin. -->","yoast_head_json":{"title":"Shipping - V\u012bns ar st\u0101stu","description":"Delivery methods: courier (2 business days in or around R\u012bga, 2-3 business days in Latvia) or Omniva parcel lockers.Cost is shown at checkout.Maximum","robots":{"index":"index","follow":"follow","max-snippet":"max-snippet:-1","max-image-preview":"max-image-preview:large","max-video-preview":"max-video-preview:-1"},"canonical":"https:\/\/vinsarstastu.lv\/en\/shipping\/","og_locale":"en_US","og_type":"article","og_title":"Shipping - V\u012bns ar st\u0101stu","og_description":"Delivery methods: courier (2 business days in or around R\u012bga, 2-3 business days in Latvia) or Omniva parcel lockers.Cost is shown at checkout.Maximum","og_url":"https:\/\/vinsarstastu.lv\/en\/shipping\/","og_site_name":"V\u012bns ar st\u0101stu","article_modified_time":"2025-12-05T14:44:07+00:00","twitter_card":"summary_large_image","schema":{"@context":"https:\/\/schema.org","@graph":[{"@type":"WebPage","@id":"https:\/\/vinsarstastu.lv\/en\/shipping\/","url":"https:\/\/vinsarstastu.lv\/en\/shipping\/","name":"Shipping - V\u012bns ar st\u0101stu","isPartOf":{"@id":"https:\/\/vinsarstastu.lv\/en\/#website"},"datePublished":"2024-06-10T06:15:49+00:00","dateModified":"2025-12-05T14:44:07+00:00","description":"Delivery methods: courier (2 business days in or around R\u012bga, 2-3 business days in Latvia) or Omniva parcel lockers.Cost is shown at checkout.Maximum","breadcrumb":{"@id":"https:\/\/vinsarstastu.lv\/en\/shipping\/#breadcrumb"},"inLanguage":"en-US","potentialAction":[{"@type":"ReadAction","target":["https:\/\/vinsarstastu.lv\/en\/shipping\/"]}]},{"@type":"BreadcrumbList","@id":"https:\/\/vinsarstastu.lv\/en\/shipping\/#breadcrumb","itemListElement":[{"@type":"ListItem","position":1,"name":"Home","item":"https:\/\/vinsarstastu.lv\/en\/home\/"},{"@type":"ListItem","position":2,"name":"Shipping"}]},{"@type":"WebSite","@id":"https:\/\/vinsarstastu.lv\/en\/#website","url":"https:\/\/vinsarstastu.lv\/en\/","name":"V\u012bns ar st\u0101stu","description":"","publisher":{"@id":"https:\/\/vinsarstastu.lv\/en\/#organization"},"alternateName":"Wine with a Story","potentialAction":[{"@type":"SearchAction","target":{"@type":"EntryPoint","urlTemplate":"https:\/\/vinsarstastu.lv\/en\/?s={search_term_string}"},"query-input":{"@type":"PropertyValueSpecification","valueRequired":true,"valueName":"search_term_string"}}],"inLanguage":"en-US"},{"@type":"Organization","@id":"https:\/\/vinsarstastu.lv\/en\/#organization","name":"SIA ARVO","url":"https:\/\/vinsarstastu.lv\/en\/","logo":{"@type":"ImageObject","inLanguage":"en-US","@id":"https:\/\/vinsarstastu.lv\/en\/#\/schema\/logo\/image\/","url":"https:\/\/vinsarstastu.lv\/wp-content\/uploads\/2025\/08\/arvo-logo-grey.webp","contentUrl":"https:\/\/vinsarstastu.lv\/wp-content\/uploads\/2025\/08\/arvo-logo-grey.webp","width":350,"height":281,"caption":"SIA ARVO"},"image":{"@id":"https:\/\/vinsarstastu.lv\/en\/#\/schema\/logo\/image\/"}}]}},"_links":{"self":[{"href":"https:\/\/vinsarstastu.lv\/en\/wp-json\/wp\/v2\/pages\/7590","targetHints":{"allow":["GET"]}}],"collection":[{"href":"https:\/\/vinsarstastu.lv\/en\/wp-json\/wp\/v2\/pages"}],"about":[{"href":"https:\/\/vinsarstastu.lv\/en\/wp-json\/wp\/v2\/types\/page"}],"author":[{"embeddable":true,"href":"https:\/\/vinsarstastu.lv\/en\/wp-json\/wp\/v2\/users\/1"}],"replies":[{"embeddable":true,"href":"https:\/\/vinsarstastu.lv\/en\/wp-json\/wp\/v2\/comments?post=7590"}],"version-history":[{"count":7,"href":"https:\/\/vinsarstastu.lv\/en\/wp-json\/wp\/v2\/pages\/7590\/revisions"}],"predecessor-version":[{"id":9109,"href":"https:\/\/vinsarstastu.lv\/en\/wp-json\/wp\/v2\/pages\/7590\/revisions\/9109"}],"wp:attachment":[{"href":"https:\/\/vinsarstastu.lv\/en\/wp-json\/wp\/v2\/media?parent=7590"}],"curies":[{"name":"wp","href":"https:\/\/api.w.org\/{rel}","templated":true}]}}