{"id":7445,"date":"2025-09-19T23:30:39","date_gmt":"2025-09-19T21:30:39","guid":{"rendered":"https:\/\/vinsarstastu.lv\/registration-for-tasting\/"},"modified":"2025-10-30T10:22:20","modified_gmt":"2025-10-30T08:22:20","slug":"registration-for-tasting","status":"publish","type":"page","link":"https:\/\/vinsarstastu.lv\/en\/registration-for-tasting\/","title":{"rendered":"Registration for Tasting"},"content":{"rendered":"\t\t<div data-elementor-type=\"wp-page\" data-elementor-id=\"7445\" class=\"elementor elementor-7445 elementor-7087\">\n\t\t\t\t<div class=\"elementor-element elementor-element-5914fcdc e-flex e-con-boxed ecomus-responsive-column ecomus-tablet-column--default ecomus-responsive-column ecomus-mobile-column--default ecomus-responsive-column ecomus-motion--var(--position) e-con e-parent\" data-id=\"5914fcdc\" data-element_type=\"container\">\n\t\t\t\t\t<div class=\"e-con-inner\">\n\t\t<div class=\"elementor-element elementor-element-7fae6aef e-flex e-con-boxed ecomus-responsive-column ecomus-tablet-column--default ecomus-responsive-column ecomus-mobile-column--default ecomus-responsive-column ecomus-motion--var(--position) e-con e-child\" data-id=\"7fae6aef\" data-element_type=\"container\">\n\t\t\t\t\t<div class=\"e-con-inner\">\n\t\t\t\t<div class=\"elementor-element elementor-element-1c69f465 elementor-widget elementor-widget-text-editor\" data-id=\"1c69f465\" data-element_type=\"widget\" data-widget_type=\"text-editor.default\">\n\t\t\t\t\t\t\t\t\t<div>The date of the tasting has not been set yet, but you can register your interest now &#8211; we&#8217;ll be sure to let you know as soon as the next event is announced! To register, please fill in the application form. <\/div>\t\t\t\t\t\t\t\t<\/div>\n\t\t\t\t<div class=\"elementor-element elementor-element-6e14020 elementor-widget elementor-widget-wpforms\" data-id=\"6e14020\" data-element_type=\"widget\" data-widget_type=\"wpforms.default\">\n\t\t\t\t<div class=\"elementor-widget-container\">\n\t\t\t\t\t<style id=\"wpforms-css-vars-elementor-widget-6e14020\">\n\t\t\t\t.elementor-widget-wpforms.elementor-element-6e14020 {\n\t\t\t\t--wpforms-field-border-radius: 20px;\n--wpforms-field-text-color: #000000;\n--wpforms-label-color: #000000C2;\n--wpforms-label-sublabel-color: #000000E6;\n--wpforms-button-border-radius: 99px;\n--wpforms-button-background-color: #3F3F3F;\n\t\t\t}\n\t\t\t<\/style><div class=\"wpforms-container wpforms-container-full wpforms-render-modern\" id=\"wpforms-7055\"><form id=\"wpforms-form-7055\" class=\"wpforms-validate wpforms-form wpforms-ajax-form\" data-formid=\"7055\" method=\"post\" enctype=\"multipart\/form-data\" action=\"\/en\/wp-json\/wp\/v2\/pages\/7445\" data-token=\"0fdf6fb210917b52506067d01e7ae1b3\" data-token-time=\"1776937361\"><noscript class=\"wpforms-error-noscript\">Please enable JavaScript in your browser to complete this form.<\/noscript><div id=\"wpforms-error-noscript\" style=\"display: none;\">Please enable JavaScript in your browser to complete this form.<\/div><div class=\"wpforms-field-container\"><div id=\"wpforms-7055-field_1-container\" class=\"wpforms-field wpforms-field-name wpforms-one-half wpforms-first\" data-field-id=\"1\"><label class=\"wpforms-field-label wpforms-label-hide\" for=\"wpforms-7055-field_1\" aria-hidden=\"false\">Name <span class=\"wpforms-required-label\" aria-hidden=\"true\">*<\/span><\/label><input type=\"text\" id=\"wpforms-7055-field_1\" class=\"wpforms-field-large wpforms-field-required\" name=\"wpforms[fields][1]\" placeholder=\"Name\" aria-errormessage=\"wpforms-7055-field_1-error\" required><\/div>\t\t<div id=\"wpforms-7055-field_3-container\"\n\t\t\tclass=\"wpforms-field wpforms-field-text\"\n\t\t\tdata-field-type=\"text\"\n\t\t\tdata-field-id=\"3\"\n\t\t\t>\n\t\t\t<label class=\"wpforms-field-label\" for=\"wpforms-7055-field_3\" >Phone number Email<\/label>\n\t\t\t<input type=\"text\" id=\"wpforms-7055-field_3\" class=\"wpforms-field-medium\" name=\"wpforms[fields][3]\" >\n\t\t<\/div>\n\t\t<div id=\"wpforms-7055-field_2-container\" class=\"wpforms-field wpforms-field-email wpforms-one-half\" data-field-id=\"2\"><label class=\"wpforms-field-label wpforms-label-hide\" for=\"wpforms-7055-field_2\" aria-hidden=\"false\">Email <span class=\"wpforms-required-label\" aria-hidden=\"true\">*<\/span><\/label><input type=\"email\" id=\"wpforms-7055-field_2\" class=\"wpforms-field-large wpforms-field-required\" data-disable-suggestions=\"1\" name=\"wpforms[fields][2]\" placeholder=\"Email\" spellcheck=\"false\" aria-errormessage=\"wpforms-7055-field_2-error\" required><\/div><div id=\"wpforms-7055-field_4-container\" class=\"wpforms-field wpforms-field-number\" data-field-id=\"4\"><label class=\"wpforms-field-label wpforms-label-hide\" for=\"wpforms-7055-field_4\" aria-hidden=\"false\">Phone number <span class=\"wpforms-required-label\" aria-hidden=\"true\">*<\/span><\/label><input type=\"number\" id=\"wpforms-7055-field_4\" class=\"wpforms-field-medium wpforms-field-required\" name=\"wpforms[fields][4]\" placeholder=\"Phone number\" step=\"any\" aria-errormessage=\"wpforms-7055-field_4-error\" required><\/div><script>\n\t\t\t\t( function() {\n\t\t\t\t\tconst style = document.createElement( 'style' );\n\t\t\t\t\tstyle.appendChild( document.createTextNode( '#wpforms-7055-field_3-container { position: absolute !important; overflow: hidden !important; display: inline !important; height: 1px !important; width: 1px !important; z-index: -1000 !important; padding: 0 !important; } #wpforms-7055-field_3-container input { visibility: hidden; } #wpforms-conversational-form-page #wpforms-7055-field_3-container label { counter-increment: none; }' ) );\n\t\t\t\t\tdocument.head.appendChild( style );\n\t\t\t\t\tdocument.currentScript?.remove();\n\t\t\t\t} )();\n\t\t\t<\/script><\/div><!-- .wpforms-field-container --><div class=\"wpforms-submit-container\" ><input type=\"hidden\" name=\"wpforms[id]\" value=\"7055\"><input type=\"hidden\" name=\"page_title\" value=\"\"><input type=\"hidden\" name=\"page_url\" value=\"https:\/\/vinsarstastu.lv\/en\/wp-json\/wp\/v2\/pages\/7445\"><input type=\"hidden\" name=\"url_referer\" value=\"\"><button type=\"submit\" name=\"wpforms[submit]\" id=\"wpforms-submit-7055\" class=\"wpforms-submit\" data-alt-text=\"Sending...\" data-submit-text=\"Send\" aria-live=\"assertive\" value=\"wpforms-submit\">Send<\/button><img decoding=\"async\" src=\"https:\/\/vinsarstastu.lv\/wp-content\/plugins\/wpforms-lite\/assets\/images\/submit-spin.svg\" class=\"wpforms-submit-spinner\" style=\"display: none;\" width=\"26\" height=\"26\" alt=\"Loading\"><\/div><\/form><\/div>  <!-- .wpforms-container -->\t\t\t\t<\/div>\n\t\t\t\t<\/div>\n\t\t\t\t\t<\/div>\n\t\t\t\t<\/div>\n\t\t\t\t\t<\/div>\n\t\t\t\t<\/div>\n\t\t<div class=\"elementor-element elementor-element-97f5505 e-con-full e-flex ecomus-responsive-column ecomus-tablet-column--default ecomus-responsive-column ecomus-mobile-column--default ecomus-responsive-column ecomus-motion--var(--position) e-con e-parent\" data-id=\"97f5505\" data-element_type=\"container\">\n\t\t\t\t<div class=\"elementor-element elementor-element-2ae4b314 elementor-widget elementor-widget-google_maps\" data-id=\"2ae4b314\" data-element_type=\"widget\" data-widget_type=\"google_maps.default\">\n\t\t\t\t\t\t\t<div class=\"elementor-custom-embed\">\n\t\t\t<iframe loading=\"lazy\"\n\t\t\t\t\tsrc=\"https:\/\/maps.google.com\/maps?q=m%C4%81rupes%20iela%202-9&#038;t=m&#038;z=11&#038;output=embed&#038;iwloc=near\"\n\t\t\t\t\ttitle=\"m\u0101rupes iela 2-9\"\n\t\t\t\t\taria-label=\"m\u0101rupes iela 2-9\"\n\t\t\t><\/iframe>\n\t\t<\/div>\n\t\t\t\t\t\t<\/div>\n\t\t\t\t<\/div>\n\t\t\t\t<\/div>\n\t\t","protected":false},"excerpt":{"rendered":"<p>The date of the tasting has not been set yet, but you can register your interest now &#8211; we&#8217;ll be sure to let you know as soon as the next event is announced! To register, please fill in the application form. Lai aizpild\u012btu \u0161o veidlapu, l\u016bdzu, iesp\u0113jojiet JavaScript sav\u0101 p\u0101rl\u016bkprogramm\u0101.Lai aizpild\u012btu \u0161o veidlapu, l\u016bdzu, iesp\u0113jojiet [&hellip;]<\/p>\n","protected":false},"author":1,"featured_media":0,"parent":0,"menu_order":0,"comment_status":"closed","ping_status":"closed","template":"","meta":{"footnotes":""},"class_list":["post-7445","page","type-page","status-publish","hentry"],"yoast_head":"<!-- This site is optimized with the Yoast SEO plugin v26.6 - https:\/\/yoast.com\/wordpress\/plugins\/seo\/ -->\n<title>Registration for Tasting - V\u012bns ar st\u0101stu<\/title>\n<meta name=\"description\" content=\"We look forward to seeing you at our next wine tastings in Riga. To register, please fill in the application form.\" \/>\n<meta name=\"robots\" content=\"index, follow, max-snippet:-1, max-image-preview:large, max-video-preview:-1\" \/>\n<link rel=\"canonical\" href=\"https:\/\/vinsarstastu.lv\/en\/registration-for-tasting\/\" \/>\n<meta property=\"og:locale\" content=\"en_US\" \/>\n<meta property=\"og:type\" content=\"article\" \/>\n<meta property=\"og:title\" content=\"Registration for Tasting - V\u012bns ar st\u0101stu\" \/>\n<meta property=\"og:description\" content=\"We look forward to seeing you at our next wine tastings in Riga. To register, please fill in the application form.\" \/>\n<meta property=\"og:url\" content=\"https:\/\/vinsarstastu.lv\/en\/registration-for-tasting\/\" \/>\n<meta property=\"og:site_name\" content=\"V\u012bns ar st\u0101stu\" \/>\n<meta property=\"article:modified_time\" content=\"2025-10-30T08:22:20+00:00\" \/>\n<meta property=\"og:image\" content=\"https:\/\/vinsarstastu.lv\/wp-content\/plugins\/wpforms-lite\/assets\/images\/submit-spin.svg\" \/>\n<meta name=\"twitter:card\" content=\"summary_large_image\" \/>\n<script type=\"application\/ld+json\" class=\"yoast-schema-graph\">{\"@context\":\"https:\/\/schema.org\",\"@graph\":[{\"@type\":\"WebPage\",\"@id\":\"https:\/\/vinsarstastu.lv\/en\/registration-for-tasting\/\",\"url\":\"https:\/\/vinsarstastu.lv\/en\/registration-for-tasting\/\",\"name\":\"Registration for Tasting - V\u012bns ar st\u0101stu\",\"isPartOf\":{\"@id\":\"https:\/\/vinsarstastu.lv\/en\/#website\"},\"primaryImageOfPage\":{\"@id\":\"https:\/\/vinsarstastu.lv\/en\/registration-for-tasting\/#primaryimage\"},\"image\":{\"@id\":\"https:\/\/vinsarstastu.lv\/en\/registration-for-tasting\/#primaryimage\"},\"thumbnailUrl\":\"https:\/\/vinsarstastu.lv\/wp-content\/plugins\/wpforms-lite\/assets\/images\/submit-spin.svg\",\"datePublished\":\"2025-09-19T21:30:39+00:00\",\"dateModified\":\"2025-10-30T08:22:20+00:00\",\"description\":\"We look forward to seeing you at our next wine tastings in Riga. To register, please fill in the application form.\",\"breadcrumb\":{\"@id\":\"https:\/\/vinsarstastu.lv\/en\/registration-for-tasting\/#breadcrumb\"},\"inLanguage\":\"en-US\",\"potentialAction\":[{\"@type\":\"ReadAction\",\"target\":[\"https:\/\/vinsarstastu.lv\/en\/registration-for-tasting\/\"]}]},{\"@type\":\"ImageObject\",\"inLanguage\":\"en-US\",\"@id\":\"https:\/\/vinsarstastu.lv\/en\/registration-for-tasting\/#primaryimage\",\"url\":\"https:\/\/vinsarstastu.lv\/wp-content\/plugins\/wpforms-lite\/assets\/images\/submit-spin.svg\",\"contentUrl\":\"https:\/\/vinsarstastu.lv\/wp-content\/plugins\/wpforms-lite\/assets\/images\/submit-spin.svg\"},{\"@type\":\"BreadcrumbList\",\"@id\":\"https:\/\/vinsarstastu.lv\/en\/registration-for-tasting\/#breadcrumb\",\"itemListElement\":[{\"@type\":\"ListItem\",\"position\":1,\"name\":\"Home\",\"item\":\"https:\/\/vinsarstastu.lv\/en\/home\/\"},{\"@type\":\"ListItem\",\"position\":2,\"name\":\"Registration for Tasting\"}]},{\"@type\":\"WebSite\",\"@id\":\"https:\/\/vinsarstastu.lv\/en\/#website\",\"url\":\"https:\/\/vinsarstastu.lv\/en\/\",\"name\":\"V\u012bns ar st\u0101stu\",\"description\":\"\",\"publisher\":{\"@id\":\"https:\/\/vinsarstastu.lv\/en\/#organization\"},\"alternateName\":\"Wine with a Story\",\"potentialAction\":[{\"@type\":\"SearchAction\",\"target\":{\"@type\":\"EntryPoint\",\"urlTemplate\":\"https:\/\/vinsarstastu.lv\/en\/?s={search_term_string}\"},\"query-input\":{\"@type\":\"PropertyValueSpecification\",\"valueRequired\":true,\"valueName\":\"search_term_string\"}}],\"inLanguage\":\"en-US\"},{\"@type\":\"Organization\",\"@id\":\"https:\/\/vinsarstastu.lv\/en\/#organization\",\"name\":\"SIA ARVO\",\"url\":\"https:\/\/vinsarstastu.lv\/en\/\",\"logo\":{\"@type\":\"ImageObject\",\"inLanguage\":\"en-US\",\"@id\":\"https:\/\/vinsarstastu.lv\/en\/#\/schema\/logo\/image\/\",\"url\":\"https:\/\/vinsarstastu.lv\/wp-content\/uploads\/2025\/08\/arvo-logo-grey.webp\",\"contentUrl\":\"https:\/\/vinsarstastu.lv\/wp-content\/uploads\/2025\/08\/arvo-logo-grey.webp\",\"width\":350,\"height\":281,\"caption\":\"SIA ARVO\"},\"image\":{\"@id\":\"https:\/\/vinsarstastu.lv\/en\/#\/schema\/logo\/image\/\"}}]}<\/script>\n<!-- \/ Yoast SEO plugin. -->","yoast_head_json":{"title":"Registration for Tasting - V\u012bns ar st\u0101stu","description":"We look forward to seeing you at our next wine tastings in Riga. To register, please fill in the application form.","robots":{"index":"index","follow":"follow","max-snippet":"max-snippet:-1","max-image-preview":"max-image-preview:large","max-video-preview":"max-video-preview:-1"},"canonical":"https:\/\/vinsarstastu.lv\/en\/registration-for-tasting\/","og_locale":"en_US","og_type":"article","og_title":"Registration for Tasting - V\u012bns ar st\u0101stu","og_description":"We look forward to seeing you at our next wine tastings in Riga. To register, please fill in the application form.","og_url":"https:\/\/vinsarstastu.lv\/en\/registration-for-tasting\/","og_site_name":"V\u012bns ar st\u0101stu","article_modified_time":"2025-10-30T08:22:20+00:00","og_image":[{"url":"https:\/\/vinsarstastu.lv\/wp-content\/plugins\/wpforms-lite\/assets\/images\/submit-spin.svg","type":"","width":"","height":""}],"twitter_card":"summary_large_image","schema":{"@context":"https:\/\/schema.org","@graph":[{"@type":"WebPage","@id":"https:\/\/vinsarstastu.lv\/en\/registration-for-tasting\/","url":"https:\/\/vinsarstastu.lv\/en\/registration-for-tasting\/","name":"Registration for Tasting - V\u012bns ar st\u0101stu","isPartOf":{"@id":"https:\/\/vinsarstastu.lv\/en\/#website"},"primaryImageOfPage":{"@id":"https:\/\/vinsarstastu.lv\/en\/registration-for-tasting\/#primaryimage"},"image":{"@id":"https:\/\/vinsarstastu.lv\/en\/registration-for-tasting\/#primaryimage"},"thumbnailUrl":"https:\/\/vinsarstastu.lv\/wp-content\/plugins\/wpforms-lite\/assets\/images\/submit-spin.svg","datePublished":"2025-09-19T21:30:39+00:00","dateModified":"2025-10-30T08:22:20+00:00","description":"We look forward to seeing you at our next wine tastings in Riga. To register, please fill in the application form.","breadcrumb":{"@id":"https:\/\/vinsarstastu.lv\/en\/registration-for-tasting\/#breadcrumb"},"inLanguage":"en-US","potentialAction":[{"@type":"ReadAction","target":["https:\/\/vinsarstastu.lv\/en\/registration-for-tasting\/"]}]},{"@type":"ImageObject","inLanguage":"en-US","@id":"https:\/\/vinsarstastu.lv\/en\/registration-for-tasting\/#primaryimage","url":"https:\/\/vinsarstastu.lv\/wp-content\/plugins\/wpforms-lite\/assets\/images\/submit-spin.svg","contentUrl":"https:\/\/vinsarstastu.lv\/wp-content\/plugins\/wpforms-lite\/assets\/images\/submit-spin.svg"},{"@type":"BreadcrumbList","@id":"https:\/\/vinsarstastu.lv\/en\/registration-for-tasting\/#breadcrumb","itemListElement":[{"@type":"ListItem","position":1,"name":"Home","item":"https:\/\/vinsarstastu.lv\/en\/home\/"},{"@type":"ListItem","position":2,"name":"Registration for Tasting"}]},{"@type":"WebSite","@id":"https:\/\/vinsarstastu.lv\/en\/#website","url":"https:\/\/vinsarstastu.lv\/en\/","name":"V\u012bns ar st\u0101stu","description":"","publisher":{"@id":"https:\/\/vinsarstastu.lv\/en\/#organization"},"alternateName":"Wine with a Story","potentialAction":[{"@type":"SearchAction","target":{"@type":"EntryPoint","urlTemplate":"https:\/\/vinsarstastu.lv\/en\/?s={search_term_string}"},"query-input":{"@type":"PropertyValueSpecification","valueRequired":true,"valueName":"search_term_string"}}],"inLanguage":"en-US"},{"@type":"Organization","@id":"https:\/\/vinsarstastu.lv\/en\/#organization","name":"SIA ARVO","url":"https:\/\/vinsarstastu.lv\/en\/","logo":{"@type":"ImageObject","inLanguage":"en-US","@id":"https:\/\/vinsarstastu.lv\/en\/#\/schema\/logo\/image\/","url":"https:\/\/vinsarstastu.lv\/wp-content\/uploads\/2025\/08\/arvo-logo-grey.webp","contentUrl":"https:\/\/vinsarstastu.lv\/wp-content\/uploads\/2025\/08\/arvo-logo-grey.webp","width":350,"height":281,"caption":"SIA ARVO"},"image":{"@id":"https:\/\/vinsarstastu.lv\/en\/#\/schema\/logo\/image\/"}}]}},"_links":{"self":[{"href":"https:\/\/vinsarstastu.lv\/en\/wp-json\/wp\/v2\/pages\/7445","targetHints":{"allow":["GET"]}}],"collection":[{"href":"https:\/\/vinsarstastu.lv\/en\/wp-json\/wp\/v2\/pages"}],"about":[{"href":"https:\/\/vinsarstastu.lv\/en\/wp-json\/wp\/v2\/types\/page"}],"author":[{"embeddable":true,"href":"https:\/\/vinsarstastu.lv\/en\/wp-json\/wp\/v2\/users\/1"}],"replies":[{"embeddable":true,"href":"https:\/\/vinsarstastu.lv\/en\/wp-json\/wp\/v2\/comments?post=7445"}],"version-history":[{"count":7,"href":"https:\/\/vinsarstastu.lv\/en\/wp-json\/wp\/v2\/pages\/7445\/revisions"}],"predecessor-version":[{"id":8632,"href":"https:\/\/vinsarstastu.lv\/en\/wp-json\/wp\/v2\/pages\/7445\/revisions\/8632"}],"wp:attachment":[{"href":"https:\/\/vinsarstastu.lv\/en\/wp-json\/wp\/v2\/media?parent=7445"}],"curies":[{"name":"wp","href":"https:\/\/api.w.org\/{rel}","templated":true}]}}